{"id":1020,"date":"2025-09-30T20:04:36","date_gmt":"2025-10-01T01:04:36","guid":{"rendered":"http:\/\/200.6.25.122:8080\/?page_id=1020"},"modified":"2025-11-26T21:07:08","modified_gmt":"2025-11-27T02:07:08","slug":"nuestra-institucion","status":"publish","type":"page","link":"https:\/\/www.dirmov.mil.ec\/?page_id=1020","title":{"rendered":"Nuestra Instituci\u00f3n"},"content":{"rendered":"\t\t<div data-elementor-type=\"wp-page\" data-elementor-id=\"1020\" class=\"elementor elementor-1020\" data-elementor-post-type=\"page\">\n\t\t\t\t<div class=\"elementor-element elementor-element-3da964be e-con-full e-flex e-con e-parent\" data-id=\"3da964be\" data-element_type=\"container\" data-e-type=\"container\" data-settings=\"{&quot;background_background&quot;:&quot;video&quot;,&quot;background_video_link&quot;:&quot;http:\\\/\\\/200.6.25.122:8080\\\/wp-content\\\/uploads\\\/2025\\\/10\\\/video_acuartelamiento.mp4&quot;,&quot;background_play_on_mobile&quot;:&quot;yes&quot;}\">\n\t\t<div class=\"elementor-background-video-container\">\n\t\t\t\t\t\t\t<video class=\"elementor-background-video-hosted\" role=\"presentation\" autoplay muted playsinline loop><\/video>\n\t\t\t\t\t<\/div>\t\t<\/div>\n\t\t\t\t<section class=\"elementor-section elementor-top-section elementor-element elementor-element-b9dd58d elementor-section-boxed elementor-section-height-default elementor-section-height-default\" data-id=\"b9dd58d\" data-element_type=\"section\" data-e-type=\"section\" data-settings=\"{&quot;background_background&quot;:&quot;classic&quot;}\">\n\t\t\t\t\t\t<div class=\"elementor-container elementor-column-gap-wider\">\n\t\t\t\t\t<div class=\"elementor-column elementor-col-33 elementor-top-column elementor-element elementor-element-18ccfb0\" data-id=\"18ccfb0\" data-element_type=\"column\" data-e-type=\"column\">\n\t\t\t<div class=\"elementor-widget-wrap elementor-element-populated\">\n\t\t\t\t\t\t<div class=\"elementor-element elementor-element-76bc236 elementor-widget__width-auto elementor-widget-mobile__width-inherit animated-fast de_scroll_animation_no elementor-invisible elementor-widget elementor-widget-heading\" data-id=\"76bc236\" data-element_type=\"widget\" data-e-type=\"widget\" data-settings=\"{&quot;_animation&quot;:&quot;fadeIn&quot;,&quot;_animation_delay&quot;:480}\" data-widget_type=\"heading.default\">\n\t\t\t\t\t<div class=\"elementor-heading-title elementor-size-default\">Instituci\u00f2n<\/div>\t\t\t\t<\/div>\n\t\t\t\t<div class=\"elementor-element elementor-element-66861c1 de_scroll_animation_no elementor-invisible elementor-widget elementor-widget-heading\" data-id=\"66861c1\" data-element_type=\"widget\" data-e-type=\"widget\" data-settings=\"{&quot;_animation&quot;:&quot;fadeInUp&quot;}\" data-widget_type=\"heading.default\">\n\t\t\t\t\t<h2 class=\"elementor-heading-title elementor-size-default\">Nuestra Instituci\u00f3n<\/h2>\t\t\t\t<\/div>\n\t\t\t\t<div class=\"elementor-element elementor-element-8616752 de_scroll_animation_no elementor-widget elementor-widget-text-editor\" data-id=\"8616752\" data-element_type=\"widget\" data-e-type=\"widget\" data-widget_type=\"text-editor.default\">\n\t\t\t\t\t\t\t\t\t<p style=\"text-align: justify;\">La Junta Nacional de Gobierno (1963-1966), mediante Decreto Supremo N\u00b0 2871 puso en vigencia la Ley de Seguridad Nacional el 15 de diciembre\u00a0de 1964, ley que fue reformulada en 1966, entre cuyas reformas consta el Art.\u00a063 que dispone: \u201cLA MOVILIZACI\u00d3N DEL FRENTE MILITAR SER\u00c1\u00a0PLANIFICADA Y REGULADA POR LA DIRECCI\u00d3N DE MOVILIZACI\u00d3N\u00a0DEL ESTADO MAYOR DE LAS FUERZAS ARMADAS\u201d. Dicha Junta presidida por el Contralmirante Ram\u00f3n Castro\u00a0Jij\u00f3n, promulg\u00f3 la Ley del Servicio Militar y Trabajo Obligatorio en las\u00a0Fuerzas Armadas, el 13 de abril de 1966 y en su Art. 38 determina que la\u00a0Direcci\u00f3n de Movilizaci\u00f3n del Estado Mayor General de las Fuerzas\u00a0Armadas, es el organismo responsable de la aplicaci\u00f3n de la Ley.<\/p>\t\t\t\t\t\t\t\t<\/div>\n\t\t\t\t<div class=\"elementor-element elementor-element-1b25b3f de_scroll_animation_no elementor-widget elementor-widget-image\" data-id=\"1b25b3f\" data-element_type=\"widget\" data-e-type=\"widget\" data-widget_type=\"image.default\">\n\t\t\t\t\t\t\t\t\t\t\t\t\t\t\t<img fetchpriority=\"high\" decoding=\"async\" width=\"520\" height=\"311\" src=\"https:\/\/www.dirmov.mil.ec\/wp-content\/uploads\/2025\/10\/2_MIMISTERIO_DE_DEFENSA.jpg\" class=\"attachment-large size-large wp-image-2380\" alt=\"\" srcset=\"https:\/\/www.dirmov.mil.ec\/wp-content\/uploads\/2025\/10\/2_MIMISTERIO_DE_DEFENSA.jpg 520w, https:\/\/www.dirmov.mil.ec\/wp-content\/uploads\/2025\/10\/2_MIMISTERIO_DE_DEFENSA-300x179.jpg 300w, https:\/\/www.dirmov.mil.ec\/wp-content\/uploads\/2025\/10\/2_MIMISTERIO_DE_DEFENSA-18x12.jpg 18w\" sizes=\"(max-width: 520px) 100vw, 520px\" \/>\t\t\t\t\t\t\t\t\t\t\t\t\t\t\t<\/div>\n\t\t\t\t<div class=\"elementor-element elementor-element-4458c92 de_scroll_animation_no elementor-widget elementor-widget-text-editor\" data-id=\"4458c92\" data-element_type=\"widget\" data-e-type=\"widget\" data-widget_type=\"text-editor.default\">\n\t\t\t\t\t\t\t\t\t<p style=\"text-align: justify;\">Luego de un a\u00f1o de permanencia se asigna un local en la calle Ambato con\u00a0el n\u00famero 325 entre las calles Murgueytio y General Mazo, donde\u00a0permaneci\u00f3 hasta el 07 de abril de 1983 y finalmente se traslado al actual\u00a0edificio ubicado en la Avenida Gran Colombia N11-230 y Calle Brice\u00f1o,\u00a0esquina.\t\t\t\t\t\t\t\t<\/div>\n\t\t\t\t\t<\/div>\n\t\t<\/div>\n\t\t\t\t<div class=\"elementor-column elementor-col-33 elementor-top-column elementor-element elementor-element-dbe0d4e\" data-id=\"dbe0d4e\" data-element_type=\"column\" data-e-type=\"column\">\n\t\t\t<div class=\"elementor-widget-wrap\">\n\t\t\t\t\t\t\t<\/div>\n\t\t<\/div>\n\t\t\t\t<div class=\"elementor-column elementor-col-33 elementor-top-column elementor-element elementor-element-5c8af28\" data-id=\"5c8af28\" data-element_type=\"column\" data-e-type=\"column\">\n\t\t\t<div class=\"elementor-widget-wrap elementor-element-populated\">\n\t\t\t\t\t\t<div class=\"elementor-element elementor-element-530be56 de_scroll_animation_no elementor-widget elementor-widget-image\" data-id=\"530be56\" data-element_type=\"widget\" data-e-type=\"widget\" data-widget_type=\"image.default\">\n\t\t\t\t\t\t\t\t\t\t\t\t\t\t\t<img decoding=\"async\" width=\"724\" height=\"1024\" src=\"https:\/\/www.dirmov.mil.ec\/wp-content\/uploads\/2025\/10\/nuestra_institucion_regisro_oficial-724x1024.jpg\" class=\"attachment-large size-large wp-image-2381\" alt=\"\" srcset=\"https:\/\/www.dirmov.mil.ec\/wp-content\/uploads\/2025\/10\/nuestra_institucion_regisro_oficial-724x1024.jpg 724w, https:\/\/www.dirmov.mil.ec\/wp-content\/uploads\/2025\/10\/nuestra_institucion_regisro_oficial-212x300.jpg 212w, https:\/\/www.dirmov.mil.ec\/wp-content\/uploads\/2025\/10\/nuestra_institucion_regisro_oficial-768x1087.jpg 768w, https:\/\/www.dirmov.mil.ec\/wp-content\/uploads\/2025\/10\/nuestra_institucion_regisro_oficial-1086x1536.jpg 1086w, https:\/\/www.dirmov.mil.ec\/wp-content\/uploads\/2025\/10\/nuestra_institucion_regisro_oficial-8x12.jpg 8w, https:\/\/www.dirmov.mil.ec\/wp-content\/uploads\/2025\/10\/nuestra_institucion_regisro_oficial.jpg 1181w\" sizes=\"(max-width: 724px) 100vw, 724px\" \/>\t\t\t\t\t\t\t\t\t\t\t\t\t\t\t<\/div>\n\t\t\t\t<div class=\"elementor-element elementor-element-ee4c4cc de_scroll_animation_no elementor-widget elementor-widget-text-editor\" data-id=\"ee4c4cc\" data-element_type=\"widget\" data-e-type=\"widget\" data-widget_type=\"text-editor.default\">\n\t\t\t\t\t\t\t\t\t<p style=\"text-align: justify;\">El 04 de julio de 1966, el Jefe del Estado Mayor General, General Brigadier Gustavo Banderas Rom\u00e1n, design\u00f3 al Coronel de E.M. Jos\u00e9 Endara Erazo, Director de la Direcci\u00f3n de Movilizaci\u00f3n de las Fuerzas Armadas, deleg\u00e1ndole la tarea de organizar y poner en funcionamiento este \u00a0organismo y cumpla tambi\u00e9n las actividades se\u00f1aladas en la Ley de Seguridad Nacional.<\/p><p>La instituci\u00f3n como organismo dependiente de las Fuerzas Armadas ha recibido las siguientes denominaciones:<\/p><ol><li><strong>Direcci\u00f3n de Movilizaci\u00f3n del Estado Mayor General de las Fuerzas\u00a0Armadas<\/strong>, seg\u00fan la Ley de Servicio Militar y Trabajo Obligatorio en las Fuerzas\u00a0Armadas, a\u00f1o 1966, art\u00edculo N\u00b0 38.<\/li><li><strong>Direcci\u00f3n de Movilizaci\u00f3n del Estado Mayor Conjunto de las\u00a0Fuerzas Armadas,\u00a0<\/strong>seg\u00fan la Ley de Servicio Militar y Trabajo Obligatorio, a\u00f1o 1977, art\u00edculo\u00a0N\u00b039.<\/li><li><strong>Direcci\u00f3n de Movilizaci\u00f3n del Comando Conjunto de las Fuerzas\u00a0Armadas,\u00a0<\/strong>seg\u00fan la Ley de Servicio Militar Obligatorio de las Fuerzas Armadas\u00a0Nacionales, a\u00f1o 1977, art\u00edculo N\u00b016.<\/li><\/ol><p>La Direcci\u00f3n de Movilizaci\u00f3n del Comando Conjunto de las Fuerzas\u00a0Armadas, desde el 04 de julio de 1966, tuvo su primer asentamiento en la\u00a0ciudad de Quito, en el Ministerio de Defensa, en el parque \u201cLa Recoleta\u201d,\u00a0calle La Exposici\u00f3n S4-71 y Benigno Vela.<\/p>\t\t\t\t\t\t\t\t<\/div>\n\t\t\t\t<div class=\"elementor-element elementor-element-d345ec5 de_scroll_animation_no elementor-widget elementor-widget-image\" data-id=\"d345ec5\" data-element_type=\"widget\" data-e-type=\"widget\" data-widget_type=\"image.default\">\n\t\t\t\t\t\t\t\t\t\t\t\t\t\t\t<img decoding=\"async\" width=\"800\" height=\"613\" src=\"https:\/\/www.dirmov.mil.ec\/wp-content\/uploads\/2025\/10\/3_EDIFICIO_MATRIZ_DIRMOV.jpg\" class=\"attachment-large size-large wp-image-2379\" alt=\"\" srcset=\"https:\/\/www.dirmov.mil.ec\/wp-content\/uploads\/2025\/10\/3_EDIFICIO_MATRIZ_DIRMOV.jpg 1002w, https:\/\/www.dirmov.mil.ec\/wp-content\/uploads\/2025\/10\/3_EDIFICIO_MATRIZ_DIRMOV-300x230.jpg 300w, https:\/\/www.dirmov.mil.ec\/wp-content\/uploads\/2025\/10\/3_EDIFICIO_MATRIZ_DIRMOV-768x589.jpg 768w, https:\/\/www.dirmov.mil.ec\/wp-content\/uploads\/2025\/10\/3_EDIFICIO_MATRIZ_DIRMOV-16x12.jpg 16w\" sizes=\"(max-width: 800px) 100vw, 800px\" \/>\t\t\t\t\t\t\t\t\t\t\t\t\t\t\t<\/div>\n\t\t\t\t\t<\/div>\n\t\t<\/div>\n\t\t\t\t\t<\/div>\n\t\t<\/section>\n\t\t\t\t<\/div>\n\t\t","protected":false},"excerpt":{"rendered":"<p>Instituci\u00f2n Nuestra Instituci\u00f3n La Junta Nacional de Gobierno (1963-1966), mediante Decreto Supremo N\u00b0 2871 puso en vigencia la Ley de Seguridad Nacional el 15 de diciembre\u00a0de 1964, ley que fue [&hellip;]<\/p>\n<div class=\"pvc_clear\"><\/div>\n<p id=\"pvc_stats_1020\" class=\"pvc_stats all  \" data-element-id=\"1020\" style=\"\"><i class=\"pvc-stats-icon medium\" aria-hidden=\"true\"><svg xmlns=\"http:\/\/www.w3.org\/2000\/svg\" version=\"1.0\" viewBox=\"0 0 502 315\" preserveAspectRatio=\"xMidYMid meet\"><g transform=\"translate(0,332) scale(0.1,-0.1)\" fill=\"\" stroke=\"none\"><path d=\"M2394 3279 l-29 -30 -3 -207 c-2 -182 0 -211 15 -242 39 -76 157 -76 196 0 15 31 17 60 15 243 l-3 209 -33 29 c-26 23 -41 29 -80 29 -41 0 -53 -5 -78 -31z\"\/><path d=\"M3085 3251 c-45 -19 -58 -50 -96 -229 -47 -217 -49 -260 -13 -295 52 -53 146 -42 177 20 16 31 87 366 87 410 0 70 -86 122 -155 94z\"\/><path d=\"M1751 3234 c-13 -9 -29 -31 -37 -50 -12 -29 -10 -49 21 -204 19 -94 39 -189 45 -210 14 -50 54 -80 110 -80 34 0 48 6 76 34 21 21 34 44 34 59 0 14 -18 113 -40 219 -37 178 -43 195 -70 221 -36 32 -101 37 -139 11z\"\/><path d=\"M1163 3073 c-36 -7 -73 -59 -73 -102 0 -56 133 -378 171 -413 34 -32 83 -37 129 -13 70 36 67 87 -16 290 -86 209 -89 214 -129 231 -35 14 -42 15 -82 7z\"\/><path d=\"M3689 3066 c-15 -9 -33 -30 -42 -48 -48 -103 -147 -355 -147 -375 0 -98 131 -148 192 -74 13 15 57 108 97 206 80 196 84 226 37 273 -30 30 -99 39 -137 18z\"\/><path d=\"M583 2784 c-38 -19 -67 -74 -58 -113 9 -42 211 -354 242 -373 16 -10 45 -18 66 -18 51 0 107 52 107 100 0 39 -1 41 -124 234 -80 126 -108 162 -133 173 -41 17 -61 16 -100 -3z\"\/><path d=\"M4250 2784 c-14 -9 -74 -91 -133 -183 -95 -150 -107 -173 -107 -213 0 -55 33 -94 87 -104 67 -13 90 8 211 198 130 202 137 225 78 284 -27 27 -42 34 -72 34 -22 0 -50 -8 -64 -16z\"\/><path d=\"M2275 2693 c-553 -48 -1095 -270 -1585 -649 -135 -104 -459 -423 -483 -476 -23 -49 -22 -139 2 -186 73 -142 361 -457 571 -626 285 -228 642 -407 990 -497 242 -63 336 -73 660 -74 310 0 370 5 595 52 535 111 1045 392 1455 803 122 121 250 273 275 326 19 41 19 137 0 174 -41 79 -309 363 -465 492 -447 370 -946 591 -1479 653 -113 14 -422 18 -536 8z m395 -428 c171 -34 330 -124 456 -258 112 -119 167 -219 211 -378 27 -96 24 -300 -5 -401 -72 -255 -236 -447 -474 -557 -132 -62 -201 -76 -368 -76 -167 0 -236 14 -368 76 -213 98 -373 271 -451 485 -162 444 86 934 547 1084 153 49 292 57 452 25z m909 -232 c222 -123 408 -262 593 -441 76 -74 138 -139 138 -144 0 -16 -233 -242 -330 -319 -155 -123 -309 -223 -461 -299 l-81 -41 32 46 c18 26 49 83 70 128 143 306 141 649 -6 957 -25 52 -61 116 -79 142 l-34 47 45 -20 c26 -10 76 -36 113 -56z m-2057 25 c-40 -58 -105 -190 -130 -263 -110 -324 -59 -707 132 -981 25 -35 42 -64 37 -64 -19 0 -241 119 -326 174 -188 122 -406 314 -532 468 l-58 71 108 103 c185 178 428 349 672 473 66 33 121 60 123 61 2 0 -10 -19 -26 -42z\"\/><path d=\"M2375 1950 c-198 -44 -350 -190 -395 -379 -18 -76 -8 -221 19 -290 114 -284 457 -406 731 -260 98 52 188 154 231 260 27 69 37 214 19 290 -38 163 -166 304 -326 360 -67 23 -215 33 -279 19z\"\/><\/g><\/svg><\/i> <img loading=\"lazy\" decoding=\"async\" width=\"16\" height=\"16\" alt=\"Loading\" src=\"https:\/\/www.dirmov.mil.ec\/wp-content\/plugins\/page-views-count\/ajax-loader-2x.gif\" border=0 \/><\/p>\n<div class=\"pvc_clear\"><\/div>\n","protected":false},"author":3,"featured_media":0,"parent":0,"menu_order":0,"comment_status":"closed","ping_status":"closed","template":"","meta":{"_eb_attr":"","h5ap_radio_sources":[],"footnotes":""},"class_list":["post-1020","page","type-page","status-publish","hentry"],"_links":{"self":[{"href":"https:\/\/www.dirmov.mil.ec\/index.php?rest_route=\/wp\/v2\/pages\/1020","targetHints":{"allow":["GET"]}}],"collection":[{"href":"https:\/\/www.dirmov.mil.ec\/index.php?rest_route=\/wp\/v2\/pages"}],"about":[{"href":"https:\/\/www.dirmov.mil.ec\/index.php?rest_route=\/wp\/v2\/types\/page"}],"author":[{"embeddable":true,"href":"https:\/\/www.dirmov.mil.ec\/index.php?rest_route=\/wp\/v2\/users\/3"}],"replies":[{"embeddable":true,"href":"https:\/\/www.dirmov.mil.ec\/index.php?rest_route=%2Fwp%2Fv2%2Fcomments&post=1020"}],"version-history":[{"count":26,"href":"https:\/\/www.dirmov.mil.ec\/index.php?rest_route=\/wp\/v2\/pages\/1020\/revisions"}],"predecessor-version":[{"id":5494,"href":"https:\/\/www.dirmov.mil.ec\/index.php?rest_route=\/wp\/v2\/pages\/1020\/revisions\/5494"}],"wp:attachment":[{"href":"https:\/\/www.dirmov.mil.ec\/index.php?rest_route=%2Fwp%2Fv2%2Fmedia&parent=1020"}],"curies":[{"name":"wp","href":"https:\/\/api.w.org\/{rel}","templated":true}]}}