{"id":1028,"date":"2025-09-30T20:07:25","date_gmt":"2025-10-01T01:07:25","guid":{"rendered":"http:\/\/200.6.25.122:8080\/?page_id=1028"},"modified":"2025-11-26T21:18:53","modified_gmt":"2025-11-27T02:18:53","slug":"autoridades","status":"publish","type":"page","link":"https:\/\/www.dirmov.mil.ec\/?page_id=1028","title":{"rendered":"Autoridades"},"content":{"rendered":"\t\t<div data-elementor-type=\"wp-page\" data-elementor-id=\"1028\" class=\"elementor elementor-1028\" data-elementor-post-type=\"page\">\n\t\t\t\t<div class=\"elementor-element elementor-element-4dbe3dc2 e-con-full e-flex e-con e-parent\" data-id=\"4dbe3dc2\" data-element_type=\"container\" data-e-type=\"container\" data-settings=\"{&quot;background_background&quot;:&quot;video&quot;,&quot;background_video_link&quot;:&quot;http:\\\/\\\/200.6.25.122:8080\\\/wp-content\\\/uploads\\\/2025\\\/10\\\/video_acuartelamiento.mp4&quot;,&quot;background_play_on_mobile&quot;:&quot;yes&quot;}\">\n\t\t<div class=\"elementor-background-video-container\">\n\t\t\t\t\t\t\t<video class=\"elementor-background-video-hosted\" role=\"presentation\" autoplay muted playsinline loop><\/video>\n\t\t\t\t\t<\/div>\t\t<\/div>\n\t\t\t\t<section class=\"elementor-section elementor-top-section elementor-element elementor-element-f7185ca elementor-section-boxed elementor-section-height-default elementor-section-height-default\" data-id=\"f7185ca\" data-element_type=\"section\" data-e-type=\"section\">\n\t\t\t\t\t\t<div class=\"elementor-container elementor-column-gap-default\">\n\t\t\t\t\t<div class=\"elementor-column elementor-col-100 elementor-top-column elementor-element elementor-element-167347a\" data-id=\"167347a\" data-element_type=\"column\" data-e-type=\"column\">\n\t\t\t<div class=\"elementor-widget-wrap elementor-element-populated\">\n\t\t\t\t\t\t<div class=\"elementor-element elementor-element-15d530d animated-fast de_scroll_animation_no elementor-invisible elementor-widget elementor-widget-heading\" data-id=\"15d530d\" data-element_type=\"widget\" data-e-type=\"widget\" data-settings=\"{&quot;_animation&quot;:&quot;fadeIn&quot;,&quot;_animation_delay&quot;:480}\" data-widget_type=\"heading.default\">\n\t\t\t\t\t<div class=\"elementor-heading-title elementor-size-default\">GALER\u00cdA FOTOGR\u00c1FICA DEL MANDO MILITAR<\/div>\t\t\t\t<\/div>\n\t\t\t\t\t<\/div>\n\t\t<\/div>\n\t\t\t\t\t<\/div>\n\t\t<\/section>\n\t\t<div class=\"elementor-element elementor-element-900fc94 e-grid e-con-boxed e-con e-parent\" data-id=\"900fc94\" data-element_type=\"container\" data-e-type=\"container\">\n\t\t\t\t\t<div class=\"e-con-inner\">\n\t\t\t\t<div class=\"elementor-element elementor-element-5b35b25 de_scroll_animation_no elementor-widget elementor-widget-image\" data-id=\"5b35b25\" data-element_type=\"widget\" data-e-type=\"widget\" data-widget_type=\"image.default\">\n\t\t\t\t\t\t\t\t\t\t\t\t<figure class=\"wp-caption\">\n\t\t\t\t\t\t\t\t\t\t<img fetchpriority=\"high\" decoding=\"async\" width=\"245\" height=\"300\" src=\"https:\/\/www.dirmov.mil.ec\/wp-content\/uploads\/2025\/10\/grae-henry-delgado-web-245x300.jpg\" class=\"attachment-medium size-medium wp-image-1445\" alt=\"\" srcset=\"https:\/\/www.dirmov.mil.ec\/wp-content\/uploads\/2025\/10\/grae-henry-delgado-web-245x300.jpg 245w, https:\/\/www.dirmov.mil.ec\/wp-content\/uploads\/2025\/10\/grae-henry-delgado-web.jpg 247w\" sizes=\"(max-width: 245px) 100vw, 245px\" \/>\t\t\t\t\t\t\t\t\t\t\t<figcaption class=\"widget-image-caption wp-caption-text\"><b>GRAE. HENRY DELGADO SALVADOR<\/b><br \/>JEFE DEL COMANDO CONJUNTO DE LAS FF.AA.<\/figcaption>\n\t\t\t\t\t\t\t\t\t\t<\/figure>\n\t\t\t\t\t\t\t\t\t<\/div>\n\t\t\t\t<div class=\"elementor-element elementor-element-c64d02c de_scroll_animation_no elementor-widget elementor-widget-image\" data-id=\"c64d02c\" data-element_type=\"widget\" data-e-type=\"widget\" data-widget_type=\"image.default\">\n\t\t\t\t\t\t\t\t\t\t\t\t<figure class=\"wp-caption\">\n\t\t\t\t\t\t\t\t\t\t<img decoding=\"async\" width=\"245\" height=\"300\" src=\"https:\/\/www.dirmov.mil.ec\/wp-content\/uploads\/2025\/10\/CRNL_EMC_SANDRO_PREZ-245x300.jpg\" class=\"attachment-medium size-medium wp-image-1446\" alt=\"\" srcset=\"https:\/\/www.dirmov.mil.ec\/wp-content\/uploads\/2025\/10\/CRNL_EMC_SANDRO_PREZ-245x300.jpg 245w, https:\/\/www.dirmov.mil.ec\/wp-content\/uploads\/2025\/10\/CRNL_EMC_SANDRO_PREZ.jpg 247w\" sizes=\"(max-width: 245px) 100vw, 245px\" \/>\t\t\t\t\t\t\t\t\t\t\t<figcaption class=\"widget-image-caption wp-caption-text\"><b>CRNL. EMC SANDRO P\u00c9REZ MART\u00cdNEZ<\/b><br \/>DIRECTOR DE MOVILIZACI\u00d3N<\/figcaption>\n\t\t\t\t\t\t\t\t\t\t<\/figure>\n\t\t\t\t\t\t\t\t\t<\/div>\n\t\t<div class=\"elementor-element elementor-element-ff1648c e-grid e-con-full e-con e-child\" data-id=\"ff1648c\" data-element_type=\"container\" data-e-type=\"container\">\n\t\t\t\t<div class=\"elementor-element elementor-element-dc46274 de_scroll_animation_no elementor-widget elementor-widget-image\" data-id=\"dc46274\" data-element_type=\"widget\" data-e-type=\"widget\" data-widget_type=\"image.default\">\n\t\t\t\t\t\t\t\t\t\t\t\t<figure class=\"wp-caption\">\n\t\t\t\t\t\t\t\t\t\t<img decoding=\"async\" width=\"224\" height=\"277\" src=\"https:\/\/www.dirmov.mil.ec\/wp-content\/uploads\/2025\/10\/crnl.-carlos-arevalo-melo-.jpg\" class=\"attachment-medium size-medium wp-image-1447\" alt=\"\" \/>\t\t\t\t\t\t\t\t\t\t\t<figcaption class=\"widget-image-caption wp-caption-text\"><b>CRNL. EMS CARLOS AR\u00c9VALO MELO<\/b><br \/>JEFE DEL DPTO. DE SERVICIOS DE MOVILIZACI\u00d3N MILITAR<\/figcaption>\n\t\t\t\t\t\t\t\t\t\t<\/figure>\n\t\t\t\t\t\t\t\t\t<\/div>\n\t\t\t\t<div class=\"elementor-element elementor-element-7ae74cc de_scroll_animation_no elementor-widget elementor-widget-image\" data-id=\"7ae74cc\" data-element_type=\"widget\" data-e-type=\"widget\" data-widget_type=\"image.default\">\n\t\t\t\t\t\t\t\t\t\t\t\t<figure class=\"wp-caption\">\n\t\t\t\t\t\t\t\t\t\t<img loading=\"lazy\" decoding=\"async\" width=\"264\" height=\"300\" src=\"https:\/\/www.dirmov.mil.ec\/wp-content\/uploads\/2025\/10\/crnl.-palacios-para-web-264x300.jpg\" class=\"attachment-medium size-medium wp-image-1448\" alt=\"\" srcset=\"https:\/\/www.dirmov.mil.ec\/wp-content\/uploads\/2025\/10\/crnl.-palacios-para-web-264x300.jpg 264w, https:\/\/www.dirmov.mil.ec\/wp-content\/uploads\/2025\/10\/crnl.-palacios-para-web-902x1024.jpg 902w, https:\/\/www.dirmov.mil.ec\/wp-content\/uploads\/2025\/10\/crnl.-palacios-para-web-768x872.jpg 768w, https:\/\/www.dirmov.mil.ec\/wp-content\/uploads\/2025\/10\/crnl.-palacios-para-web.jpg 1066w\" sizes=\"(max-width: 264px) 100vw, 264px\" \/>\t\t\t\t\t\t\t\t\t\t\t<figcaption class=\"widget-image-caption wp-caption-text\"><b>CRNL. E.M.T AVC. ROMMEL PALACIOS ESPINEL<\/b><br \/>JEFE DEL DPTO. DE DESARROLLO INSTITUCIONAL<\/figcaption>\n\t\t\t\t\t\t\t\t\t\t<\/figure>\n\t\t\t\t\t\t\t\t\t<\/div>\n\t\t\t\t<div class=\"elementor-element elementor-element-3c7c6a8 de_scroll_animation_no elementor-widget elementor-widget-image\" data-id=\"3c7c6a8\" data-element_type=\"widget\" data-e-type=\"widget\" data-widget_type=\"image.default\">\n\t\t\t\t\t\t\t\t\t\t\t\t<figure class=\"wp-caption\">\n\t\t\t\t\t\t\t\t\t\t<img loading=\"lazy\" decoding=\"async\" width=\"224\" height=\"277\" src=\"https:\/\/www.dirmov.mil.ec\/wp-content\/uploads\/2025\/10\/crnl.-marco-soria-peralvo1.jpg\" class=\"attachment-medium size-medium wp-image-1454\" alt=\"\" \/>\t\t\t\t\t\t\t\t\t\t\t<figcaption class=\"widget-image-caption wp-caption-text\"><b>CRNL. E.M.T AVC. MARCO SORIA PERALVO<\/b><br \/>JEFE DEL DPTO. DE SEGURIDAD INTEGRAL<\/figcaption>\n\t\t\t\t\t\t\t\t\t\t<\/figure>\n\t\t\t\t\t\t\t\t\t<\/div>\n\t\t\t\t<div class=\"elementor-element elementor-element-9c7c66c de_scroll_animation_no elementor-widget elementor-widget-image\" data-id=\"9c7c66c\" data-element_type=\"widget\" data-e-type=\"widget\" data-widget_type=\"image.default\">\n\t\t\t\t\t\t\t\t\t\t\t\t<figure class=\"wp-caption\">\n\t\t\t\t\t\t\t\t\t\t<img loading=\"lazy\" decoding=\"async\" width=\"263\" height=\"300\" src=\"https:\/\/www.dirmov.mil.ec\/wp-content\/uploads\/2025\/10\/Crnl_Manzano-263x300.jpeg\" class=\"attachment-medium size-medium wp-image-1453\" alt=\"\" srcset=\"https:\/\/www.dirmov.mil.ec\/wp-content\/uploads\/2025\/10\/Crnl_Manzano-263x300.jpeg 263w, https:\/\/www.dirmov.mil.ec\/wp-content\/uploads\/2025\/10\/Crnl_Manzano-896x1024.jpeg 896w, https:\/\/www.dirmov.mil.ec\/wp-content\/uploads\/2025\/10\/Crnl_Manzano-768x878.jpeg 768w, https:\/\/www.dirmov.mil.ec\/wp-content\/uploads\/2025\/10\/Crnl_Manzano-1344x1536.jpeg 1344w, https:\/\/www.dirmov.mil.ec\/wp-content\/uploads\/2025\/10\/Crnl_Manzano.jpeg 1400w\" sizes=\"(max-width: 263px) 100vw, 263px\" \/>\t\t\t\t\t\t\t\t\t\t\t<figcaption class=\"widget-image-caption wp-caption-text\"><b>CRNL. C.S.M AVC. PATRICIO MANZANO PESANTEZ<\/b><br \/>JEFE DEL DPTO. DE LOG\u00cdSTICA<\/figcaption>\n\t\t\t\t\t\t\t\t\t\t<\/figure>\n\t\t\t\t\t\t\t\t\t<\/div>\n\t\t\t\t<\/div>\n\t\t<div class=\"elementor-element elementor-element-a843847 e-grid e-con-full e-con e-child\" data-id=\"a843847\" data-element_type=\"container\" data-e-type=\"container\">\n\t\t\t\t<div class=\"elementor-element elementor-element-a262014 de_scroll_animation_no elementor-widget elementor-widget-image\" data-id=\"a262014\" data-element_type=\"widget\" data-e-type=\"widget\" data-widget_type=\"image.default\">\n\t\t\t\t\t\t\t\t\t\t\t\t<figure class=\"wp-caption\">\n\t\t\t\t\t\t\t\t\t\t<img loading=\"lazy\" decoding=\"async\" width=\"224\" height=\"277\" src=\"https:\/\/www.dirmov.mil.ec\/wp-content\/uploads\/2025\/10\/tcrn-ruiz-eduardo.jpg\" class=\"attachment-medium size-medium wp-image-1458\" alt=\"\" \/>\t\t\t\t\t\t\t\t\t\t\t<figcaption class=\"widget-image-caption wp-caption-text\"><b>TCRN. EM EDUARDO RUIZ MONTALVO<\/b><br \/>JEFE DEL DEPARTAMENTO DE COMUNICACI\u00d3N SOCIAL<\/figcaption>\n\t\t\t\t\t\t\t\t\t\t<\/figure>\n\t\t\t\t\t\t\t\t\t<\/div>\n\t\t\t\t<div class=\"elementor-element elementor-element-ac116d8 de_scroll_animation_no elementor-widget elementor-widget-image\" data-id=\"ac116d8\" data-element_type=\"widget\" data-e-type=\"widget\" data-widget_type=\"image.default\">\n\t\t\t\t\t\t\t\t\t\t\t\t<figure class=\"wp-caption\">\n\t\t\t\t\t\t\t\t\t\t<img loading=\"lazy\" decoding=\"async\" width=\"263\" height=\"300\" src=\"https:\/\/www.dirmov.mil.ec\/wp-content\/uploads\/2025\/10\/Cpfg_Falcon-263x300.jpeg\" class=\"attachment-medium size-medium wp-image-1451\" alt=\"\" srcset=\"https:\/\/www.dirmov.mil.ec\/wp-content\/uploads\/2025\/10\/Cpfg_Falcon-263x300.jpeg 263w, https:\/\/www.dirmov.mil.ec\/wp-content\/uploads\/2025\/10\/Cpfg_Falcon-896x1024.jpeg 896w, https:\/\/www.dirmov.mil.ec\/wp-content\/uploads\/2025\/10\/Cpfg_Falcon-768x878.jpeg 768w, https:\/\/www.dirmov.mil.ec\/wp-content\/uploads\/2025\/10\/Cpfg_Falcon-1344x1536.jpeg 1344w, https:\/\/www.dirmov.mil.ec\/wp-content\/uploads\/2025\/10\/Cpfg_Falcon.jpeg 1400w\" sizes=\"(max-width: 263px) 100vw, 263px\" \/>\t\t\t\t\t\t\t\t\t\t\t<figcaption class=\"widget-image-caption wp-caption-text\"><b>CPFG - EMS GUILLERMO FALCONI PIEDRA<\/b><br \/>JEFE DEL DEPARTAMENTO DE COMPRAS P\u00daBLICAS<\/figcaption>\n\t\t\t\t\t\t\t\t\t\t<\/figure>\n\t\t\t\t\t\t\t\t\t<\/div>\n\t\t\t\t<div class=\"elementor-element elementor-element-e14b1fd de_scroll_animation_no elementor-widget elementor-widget-image\" data-id=\"e14b1fd\" data-element_type=\"widget\" data-e-type=\"widget\" data-widget_type=\"image.default\">\n\t\t\t\t\t\t\t\t\t\t\t\t<figure class=\"wp-caption\">\n\t\t\t\t\t\t\t\t\t\t<img loading=\"lazy\" decoding=\"async\" width=\"225\" height=\"278\" src=\"https:\/\/www.dirmov.mil.ec\/wp-content\/uploads\/2025\/10\/capt-hidalgo-web.jpg\" class=\"attachment-medium size-medium wp-image-1450\" alt=\"\" \/>\t\t\t\t\t\t\t\t\t\t\t<figcaption class=\"widget-image-caption wp-caption-text\"><b>CAPT. COM LUIS HIDALGO ANANGONO<\/b><br \/>JEFE DEL DEPARTAMENTO DE TIC\u00b4S<\/figcaption>\n\t\t\t\t\t\t\t\t\t\t<\/figure>\n\t\t\t\t\t\t\t\t\t<\/div>\n\t\t\t\t<div class=\"elementor-element elementor-element-c5cd9ad de_scroll_animation_no elementor-widget elementor-widget-image\" data-id=\"c5cd9ad\" data-element_type=\"widget\" data-e-type=\"widget\" data-widget_type=\"image.default\">\n\t\t\t\t\t\t\t\t\t\t\t\t<figure class=\"wp-caption\">\n\t\t\t\t\t\t\t\t\t\t<img loading=\"lazy\" decoding=\"async\" width=\"224\" height=\"277\" src=\"https:\/\/www.dirmov.mil.ec\/wp-content\/uploads\/2025\/10\/dr-gonzalo-bazantes.jpg\" class=\"attachment-medium size-medium wp-image-1455\" alt=\"\" \/>\t\t\t\t\t\t\t\t\t\t\t<figcaption class=\"widget-image-caption wp-caption-text\"><b>DR. GONZALO BAZANTES CHICO<\/b><br \/>ASESOR JUR\u00cdDICO<\/figcaption>\n\t\t\t\t\t\t\t\t\t\t<\/figure>\n\t\t\t\t\t\t\t\t\t<\/div>\n\t\t\t\t<\/div>\n\t\t\t\t\t<\/div>\n\t\t\t\t<\/div>\n\t\t\t\t<section class=\"elementor-section elementor-top-section elementor-element elementor-element-1834e13 elementor-section-boxed elementor-section-height-default elementor-section-height-default\" data-id=\"1834e13\" data-element_type=\"section\" data-e-type=\"section\">\n\t\t\t\t\t\t<div class=\"elementor-container elementor-column-gap-default\">\n\t\t\t\t\t<div class=\"elementor-column elementor-col-100 elementor-top-column elementor-element elementor-element-f6c9bee\" data-id=\"f6c9bee\" data-element_type=\"column\" data-e-type=\"column\">\n\t\t\t<div class=\"elementor-widget-wrap elementor-element-populated\">\n\t\t\t\t\t\t<div class=\"elementor-element elementor-element-4165c75 animated-fast de_scroll_animation_no elementor-invisible elementor-widget elementor-widget-heading\" data-id=\"4165c75\" data-element_type=\"widget\" data-e-type=\"widget\" data-settings=\"{&quot;_animation&quot;:&quot;fadeIn&quot;,&quot;_animation_delay&quot;:480}\" data-widget_type=\"heading.default\">\n\t\t\t\t\t<div class=\"elementor-heading-title elementor-size-default\">COMANDANTES DE LAS BASES DE MOVILIZACI\u00d3N<\/div>\t\t\t\t<\/div>\n\t\t\t\t\t<\/div>\n\t\t<\/div>\n\t\t\t\t\t<\/div>\n\t\t<\/section>\n\t\t<div class=\"elementor-element elementor-element-8a15ecf e-grid e-con-boxed e-con e-parent\" data-id=\"8a15ecf\" data-element_type=\"container\" data-e-type=\"container\">\n\t\t\t\t\t<div class=\"e-con-inner\">\n\t\t<div class=\"elementor-element elementor-element-9fd208a e-grid e-con-full e-con e-child\" data-id=\"9fd208a\" data-element_type=\"container\" data-e-type=\"container\">\n\t\t\t\t<div class=\"elementor-element elementor-element-0cf1b70 de_scroll_animation_no elementor-widget elementor-widget-image\" data-id=\"0cf1b70\" data-element_type=\"widget\" data-e-type=\"widget\" data-widget_type=\"image.default\">\n\t\t\t\t\t\t\t\t\t\t\t\t<figure class=\"wp-caption\">\n\t\t\t\t\t\t\t\t\t\t<img loading=\"lazy\" decoding=\"async\" width=\"224\" height=\"277\" src=\"https:\/\/www.dirmov.mil.ec\/wp-content\/uploads\/2025\/10\/cpnv-rafael-valverde-gutierrez.jpg\" class=\"attachment-medium size-medium wp-image-1452\" alt=\"\" \/>\t\t\t\t\t\t\t\t\t\t\t<figcaption class=\"widget-image-caption wp-caption-text\"><b>CPNV. RAFAEL VALVERDE GUTIERREZ<\/b><br \/>CDTE. BASE DE MOVILIZACI\u00d3N OCCIDENTAL<\/figcaption>\n\t\t\t\t\t\t\t\t\t\t<\/figure>\n\t\t\t\t\t\t\t\t\t<\/div>\n\t\t\t\t<div class=\"elementor-element elementor-element-76c980e de_scroll_animation_no elementor-widget elementor-widget-image\" data-id=\"76c980e\" data-element_type=\"widget\" data-e-type=\"widget\" data-widget_type=\"image.default\">\n\t\t\t\t\t\t\t\t\t\t\t\t<figure class=\"wp-caption\">\n\t\t\t\t\t\t\t\t\t\t<img loading=\"lazy\" decoding=\"async\" width=\"224\" height=\"277\" src=\"https:\/\/www.dirmov.mil.ec\/wp-content\/uploads\/2025\/10\/acosta.jpg\" class=\"attachment-medium size-medium wp-image-1449\" alt=\"\" \/>\t\t\t\t\t\t\t\t\t\t\t<figcaption class=\"widget-image-caption wp-caption-text\"><b>TCRN. EM WILSON ACOSTA DUQUE<\/b><br \/>CDTE. BASE DE MOVILIZACI\u00d3N ORIENTAL<\/figcaption>\n\t\t\t\t\t\t\t\t\t\t<\/figure>\n\t\t\t\t\t\t\t\t\t<\/div>\n\t\t\t\t<div class=\"elementor-element elementor-element-72da346 de_scroll_animation_no elementor-widget elementor-widget-image\" data-id=\"72da346\" data-element_type=\"widget\" data-e-type=\"widget\" data-widget_type=\"image.default\">\n\t\t\t\t\t\t\t\t\t\t\t\t<figure class=\"wp-caption\">\n\t\t\t\t\t\t\t\t\t\t<img loading=\"lazy\" decoding=\"async\" width=\"224\" height=\"277\" src=\"https:\/\/www.dirmov.mil.ec\/wp-content\/uploads\/2025\/10\/tcrn-arturo-baldeon.jpg\" class=\"attachment-medium size-medium wp-image-1457\" alt=\"\" \/>\t\t\t\t\t\t\t\t\t\t\t<figcaption class=\"widget-image-caption wp-caption-text\"><b>TCRN. E.M.T AVC. ARTURO BALDEON MONGE<\/b><br \/>CDTE. BASE DE MOVILIZACI\u00d3N CENTRAL<\/figcaption>\n\t\t\t\t\t\t\t\t\t\t<\/figure>\n\t\t\t\t\t\t\t\t\t<\/div>\n\t\t\t\t<div class=\"elementor-element elementor-element-22523f0 de_scroll_animation_no elementor-widget elementor-widget-image\" data-id=\"22523f0\" data-element_type=\"widget\" data-e-type=\"widget\" data-widget_type=\"image.default\">\n\t\t\t\t\t\t\t\t\t\t\t\t<figure class=\"wp-caption\">\n\t\t\t\t\t\t\t\t\t\t<img loading=\"lazy\" decoding=\"async\" width=\"224\" height=\"277\" src=\"https:\/\/www.dirmov.mil.ec\/wp-content\/uploads\/2025\/10\/mayo-tene.jpg\" class=\"attachment-medium size-medium wp-image-1456\" alt=\"\" \/>\t\t\t\t\t\t\t\t\t\t\t<figcaption class=\"widget-image-caption wp-caption-text\"><b>MAYO. CB \u00c1NGEL TENE CRUZ<\/b><br \/>CDTE. BASE DE MOVILIZACI\u00d3N SUR<\/figcaption>\n\t\t\t\t\t\t\t\t\t\t<\/figure>\n\t\t\t\t\t\t\t\t\t<\/div>\n\t\t\t\t<\/div>\n\t\t\t\t\t<\/div>\n\t\t\t\t<\/div>\n\t\t\t\t<\/div>\n\t\t","protected":false},"excerpt":{"rendered":"<p>GALER\u00cdA FOTOGR\u00c1FICA DEL MANDO MILITAR GRAE. HENRY DELGADO SALVADORJEFE DEL COMANDO CONJUNTO DE LAS FF.AA. CRNL. EMC SANDRO P\u00c9REZ MART\u00cdNEZDIRECTOR DE MOVILIZACI\u00d3N CRNL. EMS CARLOS AR\u00c9VALO MELOJEFE DEL DPTO. DE [&hellip;]<\/p>\n<div class=\"pvc_clear\"><\/div>\n<p id=\"pvc_stats_1028\" class=\"pvc_stats all  \" data-element-id=\"1028\" style=\"\"><i class=\"pvc-stats-icon medium\" aria-hidden=\"true\"><svg xmlns=\"http:\/\/www.w3.org\/2000\/svg\" version=\"1.0\" viewBox=\"0 0 502 315\" preserveAspectRatio=\"xMidYMid meet\"><g transform=\"translate(0,332) scale(0.1,-0.1)\" fill=\"\" stroke=\"none\"><path d=\"M2394 3279 l-29 -30 -3 -207 c-2 -182 0 -211 15 -242 39 -76 157 -76 196 0 15 31 17 60 15 243 l-3 209 -33 29 c-26 23 -41 29 -80 29 -41 0 -53 -5 -78 -31z\"\/><path d=\"M3085 3251 c-45 -19 -58 -50 -96 -229 -47 -217 -49 -260 -13 -295 52 -53 146 -42 177 20 16 31 87 366 87 410 0 70 -86 122 -155 94z\"\/><path d=\"M1751 3234 c-13 -9 -29 -31 -37 -50 -12 -29 -10 -49 21 -204 19 -94 39 -189 45 -210 14 -50 54 -80 110 -80 34 0 48 6 76 34 21 21 34 44 34 59 0 14 -18 113 -40 219 -37 178 -43 195 -70 221 -36 32 -101 37 -139 11z\"\/><path d=\"M1163 3073 c-36 -7 -73 -59 -73 -102 0 -56 133 -378 171 -413 34 -32 83 -37 129 -13 70 36 67 87 -16 290 -86 209 -89 214 -129 231 -35 14 -42 15 -82 7z\"\/><path d=\"M3689 3066 c-15 -9 -33 -30 -42 -48 -48 -103 -147 -355 -147 -375 0 -98 131 -148 192 -74 13 15 57 108 97 206 80 196 84 226 37 273 -30 30 -99 39 -137 18z\"\/><path d=\"M583 2784 c-38 -19 -67 -74 -58 -113 9 -42 211 -354 242 -373 16 -10 45 -18 66 -18 51 0 107 52 107 100 0 39 -1 41 -124 234 -80 126 -108 162 -133 173 -41 17 -61 16 -100 -3z\"\/><path d=\"M4250 2784 c-14 -9 -74 -91 -133 -183 -95 -150 -107 -173 -107 -213 0 -55 33 -94 87 -104 67 -13 90 8 211 198 130 202 137 225 78 284 -27 27 -42 34 -72 34 -22 0 -50 -8 -64 -16z\"\/><path d=\"M2275 2693 c-553 -48 -1095 -270 -1585 -649 -135 -104 -459 -423 -483 -476 -23 -49 -22 -139 2 -186 73 -142 361 -457 571 -626 285 -228 642 -407 990 -497 242 -63 336 -73 660 -74 310 0 370 5 595 52 535 111 1045 392 1455 803 122 121 250 273 275 326 19 41 19 137 0 174 -41 79 -309 363 -465 492 -447 370 -946 591 -1479 653 -113 14 -422 18 -536 8z m395 -428 c171 -34 330 -124 456 -258 112 -119 167 -219 211 -378 27 -96 24 -300 -5 -401 -72 -255 -236 -447 -474 -557 -132 -62 -201 -76 -368 -76 -167 0 -236 14 -368 76 -213 98 -373 271 -451 485 -162 444 86 934 547 1084 153 49 292 57 452 25z m909 -232 c222 -123 408 -262 593 -441 76 -74 138 -139 138 -144 0 -16 -233 -242 -330 -319 -155 -123 -309 -223 -461 -299 l-81 -41 32 46 c18 26 49 83 70 128 143 306 141 649 -6 957 -25 52 -61 116 -79 142 l-34 47 45 -20 c26 -10 76 -36 113 -56z m-2057 25 c-40 -58 -105 -190 -130 -263 -110 -324 -59 -707 132 -981 25 -35 42 -64 37 -64 -19 0 -241 119 -326 174 -188 122 -406 314 -532 468 l-58 71 108 103 c185 178 428 349 672 473 66 33 121 60 123 61 2 0 -10 -19 -26 -42z\"\/><path d=\"M2375 1950 c-198 -44 -350 -190 -395 -379 -18 -76 -8 -221 19 -290 114 -284 457 -406 731 -260 98 52 188 154 231 260 27 69 37 214 19 290 -38 163 -166 304 -326 360 -67 23 -215 33 -279 19z\"\/><\/g><\/svg><\/i> <img loading=\"lazy\" decoding=\"async\" width=\"16\" height=\"16\" alt=\"Loading\" src=\"https:\/\/www.dirmov.mil.ec\/wp-content\/plugins\/page-views-count\/ajax-loader-2x.gif\" border=0 \/><\/p>\n<div class=\"pvc_clear\"><\/div>\n","protected":false},"author":3,"featured_media":0,"parent":0,"menu_order":0,"comment_status":"closed","ping_status":"closed","template":"","meta":{"_eb_attr":"","h5ap_radio_sources":[],"footnotes":""},"class_list":["post-1028","page","type-page","status-publish","hentry"],"_links":{"self":[{"href":"https:\/\/www.dirmov.mil.ec\/index.php?rest_route=\/wp\/v2\/pages\/1028","targetHints":{"allow":["GET"]}}],"collection":[{"href":"https:\/\/www.dirmov.mil.ec\/index.php?rest_route=\/wp\/v2\/pages"}],"about":[{"href":"https:\/\/www.dirmov.mil.ec\/index.php?rest_route=\/wp\/v2\/types\/page"}],"author":[{"embeddable":true,"href":"https:\/\/www.dirmov.mil.ec\/index.php?rest_route=\/wp\/v2\/users\/3"}],"replies":[{"embeddable":true,"href":"https:\/\/www.dirmov.mil.ec\/index.php?rest_route=%2Fwp%2Fv2%2Fcomments&post=1028"}],"version-history":[{"count":271,"href":"https:\/\/www.dirmov.mil.ec\/index.php?rest_route=\/wp\/v2\/pages\/1028\/revisions"}],"predecessor-version":[{"id":5314,"href":"https:\/\/www.dirmov.mil.ec\/index.php?rest_route=\/wp\/v2\/pages\/1028\/revisions\/5314"}],"wp:attachment":[{"href":"https:\/\/www.dirmov.mil.ec\/index.php?rest_route=%2Fwp%2Fv2%2Fmedia&parent=1028"}],"curies":[{"name":"wp","href":"https:\/\/api.w.org\/{rel}","templated":true}]}}