{"id":1048,"date":"2025-09-30T20:12:50","date_gmt":"2025-10-01T01:12:50","guid":{"rendered":"http:\/\/200.6.25.122:8080\/?page_id=1048"},"modified":"2025-11-26T14:21:54","modified_gmt":"2025-11-26T19:21:54","slug":"licencia-temporal","status":"publish","type":"page","link":"https:\/\/www.dirmov.mil.ec\/?page_id=1048","title":{"rendered":"Licencia Temporal"},"content":{"rendered":"\t\t<div data-elementor-type=\"wp-page\" data-elementor-id=\"1048\" class=\"elementor elementor-1048\" data-elementor-post-type=\"page\">\n\t\t\t\t<div class=\"elementor-element elementor-element-7ed2e57d e-con-full e-flex e-con e-parent\" data-id=\"7ed2e57d\" data-element_type=\"container\" data-e-type=\"container\" data-settings=\"{&quot;background_background&quot;:&quot;video&quot;,&quot;background_video_link&quot;:&quot;http:\\\/\\\/200.6.25.122:8080\\\/wp-content\\\/uploads\\\/2025\\\/10\\\/video_acuartelamiento.mp4&quot;,&quot;background_play_on_mobile&quot;:&quot;yes&quot;}\">\n\t\t<div class=\"elementor-background-video-container\">\n\t\t\t\t\t\t\t<video class=\"elementor-background-video-hosted\" role=\"presentation\" autoplay muted playsinline loop><\/video>\n\t\t\t\t\t<\/div>\t\t<\/div>\n\t\t\t\t<section class=\"elementor-section elementor-top-section elementor-element elementor-element-825040c elementor-section-boxed elementor-section-height-default elementor-section-height-default\" data-id=\"825040c\" data-element_type=\"section\" data-e-type=\"section\" data-settings=\"{&quot;background_background&quot;:&quot;classic&quot;}\">\n\t\t\t\t\t\t<div class=\"elementor-container elementor-column-gap-wider\">\n\t\t\t\t\t<div class=\"elementor-column elementor-col-33 elementor-top-column elementor-element elementor-element-d14024c\" data-id=\"d14024c\" data-element_type=\"column\" data-e-type=\"column\">\n\t\t\t<div class=\"elementor-widget-wrap elementor-element-populated\">\n\t\t\t\t\t\t<div class=\"elementor-element elementor-element-22098ce elementor-widget__width-auto elementor-widget-mobile__width-inherit animated-fast de_scroll_animation_no elementor-invisible elementor-widget elementor-widget-heading\" data-id=\"22098ce\" data-element_type=\"widget\" data-e-type=\"widget\" data-settings=\"{&quot;_animation&quot;:&quot;fadeIn&quot;,&quot;_animation_delay&quot;:480}\" data-widget_type=\"heading.default\">\n\t\t\t\t\t<div class=\"elementor-heading-title elementor-size-default\">LICENCIA<\/div>\t\t\t\t<\/div>\n\t\t\t\t<div class=\"elementor-element elementor-element-b47f888 de_scroll_animation_no elementor-invisible elementor-widget elementor-widget-heading\" data-id=\"b47f888\" data-element_type=\"widget\" data-e-type=\"widget\" data-settings=\"{&quot;_animation&quot;:&quot;fadeInUp&quot;}\" data-widget_type=\"heading.default\">\n\t\t\t\t\t<h2 class=\"elementor-heading-title elementor-size-default\">Licencia Temporal<\/h2>\t\t\t\t<\/div>\n\t\t\t\t<div class=\"elementor-element elementor-element-c74e38a de_scroll_animation_no elementor-widget elementor-widget-text-editor\" data-id=\"c74e38a\" data-element_type=\"widget\" data-e-type=\"widget\" data-widget_type=\"text-editor.default\">\n\t\t\t\t\t\t\t\t\t<p>Luego de haber superado con \u00e9xito los retos de la Conscripci\u00f3n, pasan al licenciamiento y ascienden al grado de Soldados de Reserva conformando el grupo de reservistas con licencia temporal, es decir los conscriptos que se han licenciado durante los cinco \u00faltimos a\u00f1os, y ser\u00e1n distribuidos de la siguiente manera:<\/p>\t\t\t\t\t\t\t\t<\/div>\n\t\t\t\t<div class=\"elementor-element elementor-element-215f3c7 de_scroll_animation_no elementor-widget elementor-widget-image\" data-id=\"215f3c7\" data-element_type=\"widget\" data-e-type=\"widget\" data-widget_type=\"image.default\">\n\t\t\t\t\t\t\t\t\t\t\t\t\t\t\t<img fetchpriority=\"high\" decoding=\"async\" width=\"800\" height=\"451\" src=\"https:\/\/www.dirmov.mil.ec\/wp-content\/uploads\/2025\/09\/licensamiento-1024x577.jpg\" class=\"attachment-large size-large wp-image-447\" alt=\"\" srcset=\"https:\/\/www.dirmov.mil.ec\/wp-content\/uploads\/2025\/09\/licensamiento-1024x577.jpg 1024w, https:\/\/www.dirmov.mil.ec\/wp-content\/uploads\/2025\/09\/licensamiento-300x169.jpg 300w, https:\/\/www.dirmov.mil.ec\/wp-content\/uploads\/2025\/09\/licensamiento-768x432.jpg 768w, https:\/\/www.dirmov.mil.ec\/wp-content\/uploads\/2025\/09\/licensamiento-1536x865.jpg 1536w, https:\/\/www.dirmov.mil.ec\/wp-content\/uploads\/2025\/09\/licensamiento.jpg 1600w\" sizes=\"(max-width: 800px) 100vw, 800px\" \/>\t\t\t\t\t\t\t\t\t\t\t\t\t\t\t<\/div>\n\t\t\t\t\t<\/div>\n\t\t<\/div>\n\t\t\t\t<div class=\"elementor-column elementor-col-33 elementor-top-column elementor-element elementor-element-ffaefd6\" data-id=\"ffaefd6\" data-element_type=\"column\" data-e-type=\"column\">\n\t\t\t<div class=\"elementor-widget-wrap\">\n\t\t\t\t\t\t\t<\/div>\n\t\t<\/div>\n\t\t\t\t<div class=\"elementor-column elementor-col-33 elementor-top-column elementor-element elementor-element-7f699d4\" data-id=\"7f699d4\" data-element_type=\"column\" data-e-type=\"column\">\n\t\t\t<div class=\"elementor-widget-wrap elementor-element-populated\">\n\t\t\t\t\t\t<div class=\"elementor-element elementor-element-5d6607b de_scroll_animation_no elementor-widget elementor-widget-image\" data-id=\"5d6607b\" data-element_type=\"widget\" data-e-type=\"widget\" data-widget_type=\"image.default\">\n\t\t\t\t\t\t\t\t\t\t\t\t\t\t\t<img decoding=\"async\" width=\"800\" height=\"600\" src=\"https:\/\/www.dirmov.mil.ec\/wp-content\/uploads\/2025\/10\/IMG-20251008-WA0157-1024x768.jpg\" class=\"attachment-large size-large wp-image-2491\" alt=\"\" srcset=\"https:\/\/www.dirmov.mil.ec\/wp-content\/uploads\/2025\/10\/IMG-20251008-WA0157-1024x768.jpg 1024w, https:\/\/www.dirmov.mil.ec\/wp-content\/uploads\/2025\/10\/IMG-20251008-WA0157-300x225.jpg 300w, https:\/\/www.dirmov.mil.ec\/wp-content\/uploads\/2025\/10\/IMG-20251008-WA0157-768x576.jpg 768w, https:\/\/www.dirmov.mil.ec\/wp-content\/uploads\/2025\/10\/IMG-20251008-WA0157-16x12.jpg 16w, https:\/\/www.dirmov.mil.ec\/wp-content\/uploads\/2025\/10\/IMG-20251008-WA0157.jpg 1280w\" sizes=\"(max-width: 800px) 100vw, 800px\" \/>\t\t\t\t\t\t\t\t\t\t\t\t\t\t\t<\/div>\n\t\t\t\t<div class=\"elementor-element elementor-element-c933a5d elementor-widget__width-initial de_scroll_animation_no elementor-widget elementor-widget-text-editor\" data-id=\"c933a5d\" data-element_type=\"widget\" data-e-type=\"widget\" data-widget_type=\"text-editor.default\">\n\t\t\t\t\t\t\t\t\t<p style=\"text-align: justify;\">Los licenciados Soldados de Reserva del primero y segundo a\u00f1o conforman el completamiento org\u00e1nico de las unidades permanentes de las Fuerzas Armadas.\n<\/p>\n<li><p style=\"text-align: justify;\">Los licenciados Soldados de Reserva del tercero y cuarto a\u00f1o conforman las Unidades Movilizadas que son parte de las unidades permanentes de Fuerzas Armadas.<\/li>\n<li>Los licenciados Soldados de Reserva del quinto a\u00f1o conforman las Unidades de reemplazo de las Fuerzas Armadas.<\/li>\t\t\t\t\t\t\t\t<\/div>\n\t\t\t\t\t<\/div>\n\t\t<\/div>\n\t\t\t\t\t<\/div>\n\t\t<\/section>\n\t\t\t\t<\/div>\n\t\t","protected":false},"excerpt":{"rendered":"<p>LICENCIA Licencia Temporal Luego de haber superado con \u00e9xito los retos de la Conscripci\u00f3n, pasan al licenciamiento y ascienden al grado de Soldados de Reserva conformando el grupo de reservistas [&hellip;]<\/p>\n<div class=\"pvc_clear\"><\/div>\n<p id=\"pvc_stats_1048\" class=\"pvc_stats all  \" data-element-id=\"1048\" style=\"\"><i class=\"pvc-stats-icon medium\" aria-hidden=\"true\"><svg xmlns=\"http:\/\/www.w3.org\/2000\/svg\" version=\"1.0\" viewBox=\"0 0 502 315\" preserveAspectRatio=\"xMidYMid meet\"><g transform=\"translate(0,332) scale(0.1,-0.1)\" fill=\"\" stroke=\"none\"><path d=\"M2394 3279 l-29 -30 -3 -207 c-2 -182 0 -211 15 -242 39 -76 157 -76 196 0 15 31 17 60 15 243 l-3 209 -33 29 c-26 23 -41 29 -80 29 -41 0 -53 -5 -78 -31z\"\/><path d=\"M3085 3251 c-45 -19 -58 -50 -96 -229 -47 -217 -49 -260 -13 -295 52 -53 146 -42 177 20 16 31 87 366 87 410 0 70 -86 122 -155 94z\"\/><path d=\"M1751 3234 c-13 -9 -29 -31 -37 -50 -12 -29 -10 -49 21 -204 19 -94 39 -189 45 -210 14 -50 54 -80 110 -80 34 0 48 6 76 34 21 21 34 44 34 59 0 14 -18 113 -40 219 -37 178 -43 195 -70 221 -36 32 -101 37 -139 11z\"\/><path d=\"M1163 3073 c-36 -7 -73 -59 -73 -102 0 -56 133 -378 171 -413 34 -32 83 -37 129 -13 70 36 67 87 -16 290 -86 209 -89 214 -129 231 -35 14 -42 15 -82 7z\"\/><path d=\"M3689 3066 c-15 -9 -33 -30 -42 -48 -48 -103 -147 -355 -147 -375 0 -98 131 -148 192 -74 13 15 57 108 97 206 80 196 84 226 37 273 -30 30 -99 39 -137 18z\"\/><path d=\"M583 2784 c-38 -19 -67 -74 -58 -113 9 -42 211 -354 242 -373 16 -10 45 -18 66 -18 51 0 107 52 107 100 0 39 -1 41 -124 234 -80 126 -108 162 -133 173 -41 17 -61 16 -100 -3z\"\/><path d=\"M4250 2784 c-14 -9 -74 -91 -133 -183 -95 -150 -107 -173 -107 -213 0 -55 33 -94 87 -104 67 -13 90 8 211 198 130 202 137 225 78 284 -27 27 -42 34 -72 34 -22 0 -50 -8 -64 -16z\"\/><path d=\"M2275 2693 c-553 -48 -1095 -270 -1585 -649 -135 -104 -459 -423 -483 -476 -23 -49 -22 -139 2 -186 73 -142 361 -457 571 -626 285 -228 642 -407 990 -497 242 -63 336 -73 660 -74 310 0 370 5 595 52 535 111 1045 392 1455 803 122 121 250 273 275 326 19 41 19 137 0 174 -41 79 -309 363 -465 492 -447 370 -946 591 -1479 653 -113 14 -422 18 -536 8z m395 -428 c171 -34 330 -124 456 -258 112 -119 167 -219 211 -378 27 -96 24 -300 -5 -401 -72 -255 -236 -447 -474 -557 -132 -62 -201 -76 -368 -76 -167 0 -236 14 -368 76 -213 98 -373 271 -451 485 -162 444 86 934 547 1084 153 49 292 57 452 25z m909 -232 c222 -123 408 -262 593 -441 76 -74 138 -139 138 -144 0 -16 -233 -242 -330 -319 -155 -123 -309 -223 -461 -299 l-81 -41 32 46 c18 26 49 83 70 128 143 306 141 649 -6 957 -25 52 -61 116 -79 142 l-34 47 45 -20 c26 -10 76 -36 113 -56z m-2057 25 c-40 -58 -105 -190 -130 -263 -110 -324 -59 -707 132 -981 25 -35 42 -64 37 -64 -19 0 -241 119 -326 174 -188 122 -406 314 -532 468 l-58 71 108 103 c185 178 428 349 672 473 66 33 121 60 123 61 2 0 -10 -19 -26 -42z\"\/><path d=\"M2375 1950 c-198 -44 -350 -190 -395 -379 -18 -76 -8 -221 19 -290 114 -284 457 -406 731 -260 98 52 188 154 231 260 27 69 37 214 19 290 -38 163 -166 304 -326 360 -67 23 -215 33 -279 19z\"\/><\/g><\/svg><\/i> <img decoding=\"async\" width=\"16\" height=\"16\" alt=\"Loading\" src=\"https:\/\/www.dirmov.mil.ec\/wp-content\/plugins\/page-views-count\/ajax-loader-2x.gif\" border=0 \/><\/p>\n<div class=\"pvc_clear\"><\/div>\n","protected":false},"author":3,"featured_media":0,"parent":0,"menu_order":0,"comment_status":"closed","ping_status":"closed","template":"","meta":{"_eb_attr":"","h5ap_radio_sources":[],"footnotes":""},"class_list":["post-1048","page","type-page","status-publish","hentry"],"_links":{"self":[{"href":"https:\/\/www.dirmov.mil.ec\/index.php?rest_route=\/wp\/v2\/pages\/1048","targetHints":{"allow":["GET"]}}],"collection":[{"href":"https:\/\/www.dirmov.mil.ec\/index.php?rest_route=\/wp\/v2\/pages"}],"about":[{"href":"https:\/\/www.dirmov.mil.ec\/index.php?rest_route=\/wp\/v2\/types\/page"}],"author":[{"embeddable":true,"href":"https:\/\/www.dirmov.mil.ec\/index.php?rest_route=\/wp\/v2\/users\/3"}],"replies":[{"embeddable":true,"href":"https:\/\/www.dirmov.mil.ec\/index.php?rest_route=%2Fwp%2Fv2%2Fcomments&post=1048"}],"version-history":[{"count":16,"href":"https:\/\/www.dirmov.mil.ec\/index.php?rest_route=\/wp\/v2\/pages\/1048\/revisions"}],"predecessor-version":[{"id":5234,"href":"https:\/\/www.dirmov.mil.ec\/index.php?rest_route=\/wp\/v2\/pages\/1048\/revisions\/5234"}],"wp:attachment":[{"href":"https:\/\/www.dirmov.mil.ec\/index.php?rest_route=%2Fwp%2Fv2%2Fmedia&parent=1048"}],"curies":[{"name":"wp","href":"https:\/\/api.w.org\/{rel}","templated":true}]}}