{"id":1054,"date":"2025-09-30T20:16:03","date_gmt":"2025-10-01T01:16:03","guid":{"rendered":"http:\/\/200.6.25.122:8080\/?page_id=1054"},"modified":"2025-11-26T21:16:24","modified_gmt":"2025-11-27T02:16:24","slug":"preparacion-de-la-reserva-militar","status":"publish","type":"page","link":"https:\/\/www.dirmov.mil.ec\/?page_id=1054","title":{"rendered":"Preparaci\u00f3n de la Reserva Militar"},"content":{"rendered":"\t\t<div data-elementor-type=\"wp-page\" data-elementor-id=\"1054\" class=\"elementor elementor-1054\" data-elementor-post-type=\"page\">\n\t\t\t\t<div class=\"elementor-element elementor-element-1a43a673 e-con-full e-flex e-con e-parent\" data-id=\"1a43a673\" data-element_type=\"container\" data-e-type=\"container\" data-settings=\"{&quot;background_background&quot;:&quot;video&quot;,&quot;background_video_link&quot;:&quot;http:\\\/\\\/200.6.25.122:8080\\\/wp-content\\\/uploads\\\/2025\\\/10\\\/video_acuartelamiento.mp4&quot;,&quot;background_play_on_mobile&quot;:&quot;yes&quot;}\">\n\t\t<div class=\"elementor-background-video-container\">\n\t\t\t\t\t\t\t<video class=\"elementor-background-video-hosted\" role=\"presentation\" autoplay muted playsinline loop><\/video>\n\t\t\t\t\t<\/div>\t\t<\/div>\n\t\t\t\t<section class=\"elementor-section elementor-top-section elementor-element elementor-element-b496907 elementor-section-boxed elementor-section-height-default elementor-section-height-default\" data-id=\"b496907\" data-element_type=\"section\" data-e-type=\"section\" data-settings=\"{&quot;background_background&quot;:&quot;classic&quot;}\">\n\t\t\t\t\t\t<div class=\"elementor-container elementor-column-gap-wider\">\n\t\t\t\t\t<div class=\"elementor-column elementor-col-33 elementor-top-column elementor-element elementor-element-837de6b\" data-id=\"837de6b\" data-element_type=\"column\" data-e-type=\"column\">\n\t\t\t<div class=\"elementor-widget-wrap elementor-element-populated\">\n\t\t\t\t\t\t<div class=\"elementor-element elementor-element-07bbe26 elementor-widget__width-auto elementor-widget-mobile__width-inherit animated-fast de_scroll_animation_no elementor-invisible elementor-widget elementor-widget-heading\" data-id=\"07bbe26\" data-element_type=\"widget\" data-e-type=\"widget\" data-settings=\"{&quot;_animation&quot;:&quot;fadeIn&quot;,&quot;_animation_delay&quot;:480}\" data-widget_type=\"heading.default\">\n\t\t\t\t\t<div class=\"elementor-heading-title elementor-size-default\">PREPARACI\u00d2N<\/div>\t\t\t\t<\/div>\n\t\t\t\t<div class=\"elementor-element elementor-element-fdd1aaf de_scroll_animation_no elementor-invisible elementor-widget elementor-widget-heading\" data-id=\"fdd1aaf\" data-element_type=\"widget\" data-e-type=\"widget\" data-settings=\"{&quot;_animation&quot;:&quot;fadeInUp&quot;}\" data-widget_type=\"heading.default\">\n\t\t\t\t\t<h2 class=\"elementor-heading-title elementor-size-default\">Preparaci\u00f3n De La Reserva Militar<\/h2>\t\t\t\t<\/div>\n\t\t\t\t<div class=\"elementor-element elementor-element-1ff485c de_scroll_animation_no elementor-widget elementor-widget-text-editor\" data-id=\"1ff485c\" data-element_type=\"widget\" data-e-type=\"widget\" data-widget_type=\"text-editor.default\">\n\t\t\t\t\t\t\t\t\t<ol><li><h5><strong>Organizaci\u00f3n<\/strong><\/h5><\/li><\/ol><ul><li><h6><strong>Completamiento org\u00e1nico<\/strong><\/h6><\/li><\/ul><p style=\"padding-left: 40px;\">Es el proceso que se ejecuta para alcanzar el total de los efectivos de las unidades permanentes de las Fuerzas Armadas, con los reservistas que se encuentran a disposici\u00f3n desde 20 a 25 a\u00f1os y con la reserva general de manera anticipada, r\u00e1pida y efectiva.<\/p><ul><li><h6><strong>Ingreso a Unidades Movilizadas<\/strong><\/h6><\/li><\/ul><p style=\"padding-left: 40px;\">Una vez que se haya realizado el completamiento org\u00e1nico de las unidades permanentes, se establecer\u00e1n los cuadros de las unidades movilizadas con personal de reservistas desde 26 a 55 a\u00f1os.<\/p><ul><li><h6><strong>Ingreso Unidades de Reemplazos<\/strong><\/h6><\/li><\/ul><p style=\"padding-left: 40px;\">Una vez que se haya realizado el completamiento org\u00e1nico de las unidades movilizadas, se establecer\u00e1n los cuadros de las compa\u00f1\u00edas y batallones de reemplazos con personal de reservistas que se encuentran a disposici\u00f3n desde 20 a 25 a\u00f1os y con la reserva general en edad militar.<\/p><ul><li><h6><strong>Reserva General<\/strong><\/h6><\/li><\/ul><p style=\"padding-left: 40px;\">Es el grupo humano que han salido del per\u00edodo de licencia temporal y pasan a formar parte de las reservas entre los 26 hasta los 55 a\u00f1os, que ser\u00e1 administrado y movilizado por la Direcci\u00f3n de Movilizaci\u00f3n del CC.FF.AA, bases y centros de movilizaci\u00f3n cuya preparaci\u00f3n y empleo ser\u00e1 responsabilidad exclusiva de las Fuerzas Armadas, se dividen en las siguientes asignaciones:<\/p><ul><li style=\"list-style-type: none;\"><ul><li>Primera asignaci\u00f3n desde 26 a\u00f1os hasta 35 a\u00f1os.<\/li><li>Segunda asignaci\u00f3n desde 36 a\u00f1os hasta 45 a\u00f1os.<\/li><li>Tercera asignaci\u00f3n desde 46 a\u00f1os hasta 55 a\u00f1os.<\/li><\/ul><\/li><\/ul><p style=\"padding-left: 40px;\">Pertenecen a la Reserva general:<\/p><ul><li style=\"list-style-type: none;\"><ul><li>Los oficiales y tropa en servicio pasivo con o sin pensi\u00f3n de retiro militar.<\/li><li>Los ex cadetes de las escuelas de formaci\u00f3n de oficiales de las Fuerzas Armadas que no se hubieran graduado de oficiales.<\/li><li>Los\/as graduados en los colegios y liceos militares dependientes de las Fuerzas Armadas.<\/li><li>El personal de oficiales y voluntarios de reserva, formados en los cursos de reserva organizados por la DIRMOV.<\/li><li>Los que hubieren cumplido m\u00e1s de cinco a\u00f1os con licencia temporal luego de realizar el servicio militar.<\/li><li>Personal de t\u00e9cnicos requeridos por las Fuerzas hasta los 55 a\u00f1os de edad cuya asignaci\u00f3n ser\u00e1 realizada por la Direcci\u00f3n nacional de movilizaci\u00f3n.<\/li><li>Los dem\u00e1s ciudadanos ecuatorianos calificados id\u00f3neos para el servicio militar, que no hubieren cumplido con el servicio activo como conscriptos.<\/li><\/ul><\/li><\/ul><p style=\"padding-left: 40px;\">Clasificaci\u00f3n de las reservas:<\/p><ul><li style=\"list-style-type: none;\"><ul><li>El personal de las reservas de las Fuerzas Armadas se clasifica en:<\/li><\/ul><\/li><\/ul><ul><li><h6><strong>Reserva Instruida<\/strong><\/h6><\/li><\/ul><p style=\"padding-left: 40px;\">Comprende a los ciudadanos ecuatorianos que han recibido preparaci\u00f3n militar, orientada a la defensa armada de la Naci\u00f3n.<\/p><p style=\"padding-left: 40px;\">Pueden ser llamados:<\/p><ul><li style=\"list-style-type: none;\"><ul><li>Ante peligro de inminente agresi\u00f3n externa, de guerra internacional o de grave conmoci\u00f3n interna, mediante Decreto ejecutivo.<\/li><li>Para reentrenamiento militar y cursos de ascenso.<\/li><\/ul><\/li><li><h6><strong>Reserva sin Instrucci\u00f3n<\/strong><\/h6><\/li><\/ul><p style=\"padding-left: 40px;\">Est\u00e1 integrada por los ecuatorianos que no cumplieron el servicio c\u00edvico militar, que no estuvieron en servicio activo en las Fuerzas Armadas; que se hallaren comprendidos entre los dieciocho y los cincuenta y cinco a\u00f1os de edad.<\/p><p style=\"padding-left: 40px;\">Pasar\u00e1n a formar la reserva militar como profesionales (t\u00e9cnicos y especialistas); su asignaci\u00f3n la realizar\u00e1 la Direcci\u00f3n de Movilizaci\u00f3n del Comando Conjunto de las Fuerzas Armadas. Esta reserva deber\u00e1 ser instruida de acuerdo a las necesidades de cada Fuerza con la misi\u00f3n de apoyar a las unidades movilizadas y unidades permanentes de FF.AA.<\/p><ul><li><h6><strong>Licencia final<\/strong><\/h6><\/li><\/ul><p style=\"padding-left: 40px;\">El personal de reservistas que cumpli\u00f3 la edad militar desde 18 a 55 a\u00f1os al servicio de las unidades org\u00e1nicas, movilizadas y de reemplazos deja de constar en los cuadros de la reserva general y termina sus obligaciones como reservista de las Fuerzas Armadas siendo acreedor a un certificado de reconocimiento y la tarjeta de identificaci\u00f3n por su predisposici\u00f3n de servicio a la Patria.<\/p>\t\t\t\t\t\t\t\t<\/div>\n\t\t\t\t\t<\/div>\n\t\t<\/div>\n\t\t\t\t<div class=\"elementor-column elementor-col-33 elementor-top-column elementor-element elementor-element-24978e8\" data-id=\"24978e8\" data-element_type=\"column\" data-e-type=\"column\">\n\t\t\t<div class=\"elementor-widget-wrap\">\n\t\t\t\t\t\t\t<\/div>\n\t\t<\/div>\n\t\t\t\t<div class=\"elementor-column elementor-col-33 elementor-top-column elementor-element elementor-element-98fa281\" data-id=\"98fa281\" data-element_type=\"column\" data-e-type=\"column\">\n\t\t\t<div class=\"elementor-widget-wrap elementor-element-populated\">\n\t\t\t\t\t\t<div class=\"elementor-element elementor-element-8708747 de_scroll_animation_no elementor-widget elementor-widget-image\" data-id=\"8708747\" data-element_type=\"widget\" data-e-type=\"widget\" data-widget_type=\"image.default\">\n\t\t\t\t\t\t\t\t\t\t\t\t\t\t\t<img fetchpriority=\"high\" decoding=\"async\" width=\"800\" height=\"533\" src=\"https:\/\/www.dirmov.mil.ec\/wp-content\/uploads\/2025\/10\/IMG-20251008-WA0150-1024x682.jpg\" class=\"attachment-large size-large wp-image-2540\" alt=\"\" srcset=\"https:\/\/www.dirmov.mil.ec\/wp-content\/uploads\/2025\/10\/IMG-20251008-WA0150-1024x682.jpg 1024w, https:\/\/www.dirmov.mil.ec\/wp-content\/uploads\/2025\/10\/IMG-20251008-WA0150-300x200.jpg 300w, https:\/\/www.dirmov.mil.ec\/wp-content\/uploads\/2025\/10\/IMG-20251008-WA0150-768x512.jpg 768w, https:\/\/www.dirmov.mil.ec\/wp-content\/uploads\/2025\/10\/IMG-20251008-WA0150-1536x1023.jpg 1536w, https:\/\/www.dirmov.mil.ec\/wp-content\/uploads\/2025\/10\/IMG-20251008-WA0150-18x12.jpg 18w, https:\/\/www.dirmov.mil.ec\/wp-content\/uploads\/2025\/10\/IMG-20251008-WA0150.jpg 1600w\" sizes=\"(max-width: 800px) 100vw, 800px\" \/>\t\t\t\t\t\t\t\t\t\t\t\t\t\t\t<\/div>\n\t\t\t\t<div class=\"elementor-element elementor-element-007a5a3 de_scroll_animation_no elementor-widget elementor-widget-text-editor\" data-id=\"007a5a3\" data-element_type=\"widget\" data-e-type=\"widget\" data-widget_type=\"text-editor.default\">\n\t\t\t\t\t\t\t\t\t<ol start=\"2\"><li><h5><strong>Equipamiento<br \/><\/strong><\/h5><\/li><\/ol><p style=\"padding-left: 40px;\">Mantener al personal de reservistas con material y equipo adecuados para realizar los entrenamientos, cursos de ascenso para que se integren a las unidades movilizadas.<\/p><ol start=\"3\"><li><h5><strong>Entrenamiento\u00a0\u00a0\u00a0\u00a0\u00a0\u00a0\u00a0\u00a0\u00a0<br \/><\/strong><\/h5><\/li><\/ol><p style=\"padding-left: 40px;\">Apoyar al entrenamiento e incentivar con los cursos de ascenso al personal de reservistas para mejorar la capacidad de reacci\u00f3n y estar preparados para el empleo en caso de que las Fuerzas Armadas lo requieran.<\/p><p style=\"padding-left: 40px;\">La Direcci\u00f3n de Movilizaci\u00f3n, a trav\u00e9s del Departamento de Desarrollo de la Movilizaci\u00f3n Militar, procura perfeccionar a los oficiales de reserva hasta el grado de capit\u00e1n de reserva, y clases de reservas hasta la jerarqu\u00eda de sargento de reserva, a fin de disponer de talento humano capacitado y entrenado para el cumplimiento de la Misi\u00f3n de las Fuerzas Armadas en defensa de la soberan\u00eda e integridad territorial, como en operaciones en el \u00e1mbito interno.<\/p>\t\t\t\t\t\t\t\t<\/div>\n\t\t\t\t<div class=\"elementor-element elementor-element-7b4b5ff de_scroll_animation_no elementor-widget elementor-widget-image\" data-id=\"7b4b5ff\" data-element_type=\"widget\" data-e-type=\"widget\" data-widget_type=\"image.default\">\n\t\t\t\t\t\t\t\t\t\t\t\t\t\t\t<img decoding=\"async\" width=\"800\" height=\"534\" src=\"https:\/\/www.dirmov.mil.ec\/wp-content\/uploads\/2025\/10\/entrenamiento-reservas-1024x683.jpg\" class=\"attachment-large size-large wp-image-2541\" alt=\"\" srcset=\"https:\/\/www.dirmov.mil.ec\/wp-content\/uploads\/2025\/10\/entrenamiento-reservas-1024x683.jpg 1024w, https:\/\/www.dirmov.mil.ec\/wp-content\/uploads\/2025\/10\/entrenamiento-reservas-300x200.jpg 300w, https:\/\/www.dirmov.mil.ec\/wp-content\/uploads\/2025\/10\/entrenamiento-reservas-768x512.jpg 768w, https:\/\/www.dirmov.mil.ec\/wp-content\/uploads\/2025\/10\/entrenamiento-reservas-18x12.jpg 18w, https:\/\/www.dirmov.mil.ec\/wp-content\/uploads\/2025\/10\/entrenamiento-reservas.jpg 1200w\" sizes=\"(max-width: 800px) 100vw, 800px\" \/>\t\t\t\t\t\t\t\t\t\t\t\t\t\t\t<\/div>\n\t\t\t\t<div class=\"elementor-element elementor-element-7354efe de_scroll_animation_no elementor-widget elementor-widget-image\" data-id=\"7354efe\" data-element_type=\"widget\" data-e-type=\"widget\" data-widget_type=\"image.default\">\n\t\t\t\t\t\t\t\t\t\t\t\t\t\t\t<img decoding=\"async\" width=\"800\" height=\"525\" src=\"https:\/\/www.dirmov.mil.ec\/wp-content\/uploads\/2025\/10\/reserva_paar_redes-min-1024x672.jpg\" class=\"attachment-large size-large wp-image-2513\" alt=\"\" srcset=\"https:\/\/www.dirmov.mil.ec\/wp-content\/uploads\/2025\/10\/reserva_paar_redes-min-1024x672.jpg 1024w, https:\/\/www.dirmov.mil.ec\/wp-content\/uploads\/2025\/10\/reserva_paar_redes-min-300x197.jpg 300w, https:\/\/www.dirmov.mil.ec\/wp-content\/uploads\/2025\/10\/reserva_paar_redes-min-768x504.jpg 768w, https:\/\/www.dirmov.mil.ec\/wp-content\/uploads\/2025\/10\/reserva_paar_redes-min-1536x1007.jpg 1536w, https:\/\/www.dirmov.mil.ec\/wp-content\/uploads\/2025\/10\/reserva_paar_redes-min-2048x1343.jpg 2048w, https:\/\/www.dirmov.mil.ec\/wp-content\/uploads\/2025\/10\/reserva_paar_redes-min-18x12.jpg 18w\" sizes=\"(max-width: 800px) 100vw, 800px\" \/>\t\t\t\t\t\t\t\t\t\t\t\t\t\t\t<\/div>\n\t\t\t\t\t<\/div>\n\t\t<\/div>\n\t\t\t\t\t<\/div>\n\t\t<\/section>\n\t\t\t\t<\/div>\n\t\t","protected":false},"excerpt":{"rendered":"<p>PREPARACI\u00d2N Preparaci\u00f3n De La Reserva Militar Organizaci\u00f3n Completamiento org\u00e1nico Es el proceso que se ejecuta para alcanzar el total de los efectivos de las unidades permanentes de las Fuerzas Armadas, [&hellip;]<\/p>\n<div class=\"pvc_clear\"><\/div>\n<p id=\"pvc_stats_1054\" class=\"pvc_stats all  \" data-element-id=\"1054\" style=\"\"><i class=\"pvc-stats-icon medium\" aria-hidden=\"true\"><svg xmlns=\"http:\/\/www.w3.org\/2000\/svg\" version=\"1.0\" viewBox=\"0 0 502 315\" preserveAspectRatio=\"xMidYMid meet\"><g transform=\"translate(0,332) scale(0.1,-0.1)\" fill=\"\" stroke=\"none\"><path d=\"M2394 3279 l-29 -30 -3 -207 c-2 -182 0 -211 15 -242 39 -76 157 -76 196 0 15 31 17 60 15 243 l-3 209 -33 29 c-26 23 -41 29 -80 29 -41 0 -53 -5 -78 -31z\"\/><path d=\"M3085 3251 c-45 -19 -58 -50 -96 -229 -47 -217 -49 -260 -13 -295 52 -53 146 -42 177 20 16 31 87 366 87 410 0 70 -86 122 -155 94z\"\/><path d=\"M1751 3234 c-13 -9 -29 -31 -37 -50 -12 -29 -10 -49 21 -204 19 -94 39 -189 45 -210 14 -50 54 -80 110 -80 34 0 48 6 76 34 21 21 34 44 34 59 0 14 -18 113 -40 219 -37 178 -43 195 -70 221 -36 32 -101 37 -139 11z\"\/><path d=\"M1163 3073 c-36 -7 -73 -59 -73 -102 0 -56 133 -378 171 -413 34 -32 83 -37 129 -13 70 36 67 87 -16 290 -86 209 -89 214 -129 231 -35 14 -42 15 -82 7z\"\/><path d=\"M3689 3066 c-15 -9 -33 -30 -42 -48 -48 -103 -147 -355 -147 -375 0 -98 131 -148 192 -74 13 15 57 108 97 206 80 196 84 226 37 273 -30 30 -99 39 -137 18z\"\/><path d=\"M583 2784 c-38 -19 -67 -74 -58 -113 9 -42 211 -354 242 -373 16 -10 45 -18 66 -18 51 0 107 52 107 100 0 39 -1 41 -124 234 -80 126 -108 162 -133 173 -41 17 -61 16 -100 -3z\"\/><path d=\"M4250 2784 c-14 -9 -74 -91 -133 -183 -95 -150 -107 -173 -107 -213 0 -55 33 -94 87 -104 67 -13 90 8 211 198 130 202 137 225 78 284 -27 27 -42 34 -72 34 -22 0 -50 -8 -64 -16z\"\/><path d=\"M2275 2693 c-553 -48 -1095 -270 -1585 -649 -135 -104 -459 -423 -483 -476 -23 -49 -22 -139 2 -186 73 -142 361 -457 571 -626 285 -228 642 -407 990 -497 242 -63 336 -73 660 -74 310 0 370 5 595 52 535 111 1045 392 1455 803 122 121 250 273 275 326 19 41 19 137 0 174 -41 79 -309 363 -465 492 -447 370 -946 591 -1479 653 -113 14 -422 18 -536 8z m395 -428 c171 -34 330 -124 456 -258 112 -119 167 -219 211 -378 27 -96 24 -300 -5 -401 -72 -255 -236 -447 -474 -557 -132 -62 -201 -76 -368 -76 -167 0 -236 14 -368 76 -213 98 -373 271 -451 485 -162 444 86 934 547 1084 153 49 292 57 452 25z m909 -232 c222 -123 408 -262 593 -441 76 -74 138 -139 138 -144 0 -16 -233 -242 -330 -319 -155 -123 -309 -223 -461 -299 l-81 -41 32 46 c18 26 49 83 70 128 143 306 141 649 -6 957 -25 52 -61 116 -79 142 l-34 47 45 -20 c26 -10 76 -36 113 -56z m-2057 25 c-40 -58 -105 -190 -130 -263 -110 -324 -59 -707 132 -981 25 -35 42 -64 37 -64 -19 0 -241 119 -326 174 -188 122 -406 314 -532 468 l-58 71 108 103 c185 178 428 349 672 473 66 33 121 60 123 61 2 0 -10 -19 -26 -42z\"\/><path d=\"M2375 1950 c-198 -44 -350 -190 -395 -379 -18 -76 -8 -221 19 -290 114 -284 457 -406 731 -260 98 52 188 154 231 260 27 69 37 214 19 290 -38 163 -166 304 -326 360 -67 23 -215 33 -279 19z\"\/><\/g><\/svg><\/i> <img loading=\"lazy\" decoding=\"async\" width=\"16\" height=\"16\" alt=\"Loading\" src=\"https:\/\/www.dirmov.mil.ec\/wp-content\/plugins\/page-views-count\/ajax-loader-2x.gif\" border=0 \/><\/p>\n<div class=\"pvc_clear\"><\/div>\n","protected":false},"author":3,"featured_media":0,"parent":0,"menu_order":0,"comment_status":"closed","ping_status":"closed","template":"","meta":{"_eb_attr":"","h5ap_radio_sources":[],"footnotes":""},"class_list":["post-1054","page","type-page","status-publish","hentry"],"_links":{"self":[{"href":"https:\/\/www.dirmov.mil.ec\/index.php?rest_route=\/wp\/v2\/pages\/1054","targetHints":{"allow":["GET"]}}],"collection":[{"href":"https:\/\/www.dirmov.mil.ec\/index.php?rest_route=\/wp\/v2\/pages"}],"about":[{"href":"https:\/\/www.dirmov.mil.ec\/index.php?rest_route=\/wp\/v2\/types\/page"}],"author":[{"embeddable":true,"href":"https:\/\/www.dirmov.mil.ec\/index.php?rest_route=\/wp\/v2\/users\/3"}],"replies":[{"embeddable":true,"href":"https:\/\/www.dirmov.mil.ec\/index.php?rest_route=%2Fwp%2Fv2%2Fcomments&post=1054"}],"version-history":[{"count":34,"href":"https:\/\/www.dirmov.mil.ec\/index.php?rest_route=\/wp\/v2\/pages\/1054\/revisions"}],"predecessor-version":[{"id":5311,"href":"https:\/\/www.dirmov.mil.ec\/index.php?rest_route=\/wp\/v2\/pages\/1054\/revisions\/5311"}],"wp:attachment":[{"href":"https:\/\/www.dirmov.mil.ec\/index.php?rest_route=%2Fwp%2Fv2%2Fmedia&parent=1054"}],"curies":[{"name":"wp","href":"https:\/\/api.w.org\/{rel}","templated":true}]}}