{"id":1064,"date":"2025-09-30T20:19:44","date_gmt":"2025-10-01T01:19:44","guid":{"rendered":"http:\/\/200.6.25.122:8080\/?page_id=1064"},"modified":"2025-11-26T21:15:45","modified_gmt":"2025-11-27T02:15:45","slug":"resena-historica-3","status":"publish","type":"page","link":"https:\/\/www.dirmov.mil.ec\/?page_id=1064","title":{"rendered":"Rese\u00f1a Hist\u00f3rica &#8211; Documentos Militares"},"content":{"rendered":"\t\t<div data-elementor-type=\"wp-page\" data-elementor-id=\"1064\" class=\"elementor elementor-1064\" data-elementor-post-type=\"page\">\n\t\t\t\t<div class=\"elementor-element elementor-element-354c8975 e-con-full e-flex e-con e-parent\" data-id=\"354c8975\" data-element_type=\"container\" data-e-type=\"container\" data-settings=\"{&quot;background_background&quot;:&quot;video&quot;,&quot;background_video_link&quot;:&quot;http:\\\/\\\/200.6.25.122:8080\\\/wp-content\\\/uploads\\\/2025\\\/10\\\/video_acuartelamiento.mp4&quot;,&quot;background_play_on_mobile&quot;:&quot;yes&quot;}\">\n\t\t<div class=\"elementor-background-video-container\">\n\t\t\t\t\t\t\t<video class=\"elementor-background-video-hosted\" role=\"presentation\" autoplay muted playsinline loop><\/video>\n\t\t\t\t\t<\/div>\t\t<\/div>\n\t\t\t\t<section class=\"elementor-section elementor-top-section elementor-element elementor-element-768bb54 elementor-section-boxed elementor-section-height-default elementor-section-height-default\" data-id=\"768bb54\" data-element_type=\"section\" data-e-type=\"section\" data-settings=\"{&quot;background_background&quot;:&quot;classic&quot;}\">\n\t\t\t\t\t\t<div class=\"elementor-container elementor-column-gap-wider\">\n\t\t\t\t\t<div class=\"elementor-column elementor-col-33 elementor-top-column elementor-element elementor-element-606b1f8\" data-id=\"606b1f8\" data-element_type=\"column\" data-e-type=\"column\">\n\t\t\t<div class=\"elementor-widget-wrap elementor-element-populated\">\n\t\t\t\t\t\t<div class=\"elementor-element elementor-element-50ecac8 elementor-widget__width-auto elementor-widget-mobile__width-inherit animated-fast de_scroll_animation_no elementor-invisible elementor-widget elementor-widget-heading\" data-id=\"50ecac8\" data-element_type=\"widget\" data-e-type=\"widget\" data-settings=\"{&quot;_animation&quot;:&quot;fadeIn&quot;,&quot;_animation_delay&quot;:480}\" data-widget_type=\"heading.default\">\n\t\t\t\t\t<div class=\"elementor-heading-title elementor-size-default\">Rese\u00f1a Hist\u00f3rica<\/div>\t\t\t\t<\/div>\n\t\t\t\t<div class=\"elementor-element elementor-element-996a275 de_scroll_animation_no elementor-invisible elementor-widget elementor-widget-heading\" data-id=\"996a275\" data-element_type=\"widget\" data-e-type=\"widget\" data-settings=\"{&quot;_animation&quot;:&quot;fadeInUp&quot;}\" data-widget_type=\"heading.default\">\n\t\t\t\t\t<h2 class=\"elementor-heading-title elementor-size-default\">Documentos Militares: Rese\u00f1a Hist\u00f3rica<\/h2>\t\t\t\t<\/div>\n\t\t\t\t<div class=\"elementor-element elementor-element-9dd3db1 de_scroll_animation_no elementor-widget elementor-widget-text-editor\" data-id=\"9dd3db1\" data-element_type=\"widget\" data-e-type=\"widget\" data-widget_type=\"text-editor.default\">\n\t\t\t\t\t\t\t\t\t<p style=\"text-align: justify;\">La Emisi\u00f3n de Documentos Militares, se origina con la iniciativa de elaborar las directrices y disposiciones para que el personal militar en servicio activo y pasivo posea un documento que lo identifique, por tal motivo mediante Acuerdo Ministerial No. 1541 del 20 de julio de 1992, publicado en Orden General Ministerial No. 136, se logra materializar este prop\u00f3sito aprobando y poniendo en vigencia el\u00a0<strong>\u201cREGLAMENTO PARA LA ELABORACI\u00d3N, CONCESI\u00d3N Y USO DE LA TARJETA DE IDENTIFICACI\u00d3N MILITAR\u201d.<\/strong>\n\nEste reglamento surgi\u00f3 luego de un detallado an\u00e1lisis y recopilaci\u00f3n de criterios emitidos por el Jefe del Comando Conjunto de las Fuerzas Armadas y los Comandos Generales de Fuerzas Terrestre, Naval y A\u00e9rea de la \u00e9poca, quienes junto con sus asesores jur\u00eddicos, llegan a la conclusi\u00f3n y determinaci\u00f3n de expedir dicho reglamento, con la finalidad de permitir a los organismos y dependencias de Fuerzas Armadas, por medio de la Direcci\u00f3n de Movilizaci\u00f3n del Comando Conjunto, mantener el control de la identificaci\u00f3n del personal militar y que estos a su vez cuenten con un documento que acredite sus derechos y obligaciones como miembros dependientes de las Fuerzas Armadas.\n\nEn julio de 1997 mediante Acuerdo Ministerial 109, el reglamento anteriormente mencionado sufre una reforma resolvi\u00e9ndose expedir el \u201cReglamento de Identificaci\u00f3n Militar\u201d el cual se encontr\u00f3 en vigencia por m\u00e1s de 23 a\u00f1os, hasta que en el mes de mayo del 2021 mediante Acuerdo Ministerial 206 publicado en Orden General Ministerial 077 del 20 de mayo del 2021, se publica el Reglamento de identificaci\u00f3n militar que se encuentra actualmente en vigencia.\t\t\t\t\t\t\t\t<\/div>\n\t\t\t\t<div class=\"elementor-element elementor-element-8a136c5 de_scroll_animation_no elementor-widget elementor-widget-image\" data-id=\"8a136c5\" data-element_type=\"widget\" data-e-type=\"widget\" data-widget_type=\"image.default\">\n\t\t\t\t\t\t\t\t\t\t\t\t\t\t\t<img fetchpriority=\"high\" decoding=\"async\" width=\"800\" height=\"533\" src=\"https:\/\/www.dirmov.mil.ec\/wp-content\/uploads\/2025\/10\/IMG-20251008-WA0100-1024x682.jpg\" class=\"attachment-large size-large wp-image-2561\" alt=\"\" srcset=\"https:\/\/www.dirmov.mil.ec\/wp-content\/uploads\/2025\/10\/IMG-20251008-WA0100-1024x682.jpg 1024w, https:\/\/www.dirmov.mil.ec\/wp-content\/uploads\/2025\/10\/IMG-20251008-WA0100-300x200.jpg 300w, https:\/\/www.dirmov.mil.ec\/wp-content\/uploads\/2025\/10\/IMG-20251008-WA0100-768x512.jpg 768w, https:\/\/www.dirmov.mil.ec\/wp-content\/uploads\/2025\/10\/IMG-20251008-WA0100-1536x1023.jpg 1536w, https:\/\/www.dirmov.mil.ec\/wp-content\/uploads\/2025\/10\/IMG-20251008-WA0100-18x12.jpg 18w, https:\/\/www.dirmov.mil.ec\/wp-content\/uploads\/2025\/10\/IMG-20251008-WA0100.jpg 1600w\" sizes=\"(max-width: 800px) 100vw, 800px\" \/>\t\t\t\t\t\t\t\t\t\t\t\t\t\t\t<\/div>\n\t\t\t\t\t<\/div>\n\t\t<\/div>\n\t\t\t\t<div class=\"elementor-column elementor-col-33 elementor-top-column elementor-element elementor-element-e151afe\" data-id=\"e151afe\" data-element_type=\"column\" data-e-type=\"column\">\n\t\t\t<div class=\"elementor-widget-wrap\">\n\t\t\t\t\t\t\t<\/div>\n\t\t<\/div>\n\t\t\t\t<div class=\"elementor-column elementor-col-33 elementor-top-column elementor-element elementor-element-ea67e10\" data-id=\"ea67e10\" data-element_type=\"column\" data-e-type=\"column\">\n\t\t\t<div class=\"elementor-widget-wrap elementor-element-populated\">\n\t\t\t\t\t\t<div class=\"elementor-element elementor-element-44e5209 de_scroll_animation_no elementor-widget elementor-widget-image\" data-id=\"44e5209\" data-element_type=\"widget\" data-e-type=\"widget\" data-widget_type=\"image.default\">\n\t\t\t\t\t\t\t\t\t\t\t\t\t\t\t<img decoding=\"async\" width=\"800\" height=\"566\" src=\"https:\/\/www.dirmov.mil.ec\/wp-content\/uploads\/2025\/10\/historia_de_documentos_milit-1024x724.jpg\" class=\"attachment-large size-large wp-image-2554\" alt=\"\" srcset=\"https:\/\/www.dirmov.mil.ec\/wp-content\/uploads\/2025\/10\/historia_de_documentos_milit-1024x724.jpg 1024w, https:\/\/www.dirmov.mil.ec\/wp-content\/uploads\/2025\/10\/historia_de_documentos_milit-300x212.jpg 300w, https:\/\/www.dirmov.mil.ec\/wp-content\/uploads\/2025\/10\/historia_de_documentos_milit-768x543.jpg 768w, https:\/\/www.dirmov.mil.ec\/wp-content\/uploads\/2025\/10\/historia_de_documentos_milit-18x12.jpg 18w, https:\/\/www.dirmov.mil.ec\/wp-content\/uploads\/2025\/10\/historia_de_documentos_milit.jpg 1414w\" sizes=\"(max-width: 800px) 100vw, 800px\" \/>\t\t\t\t\t\t\t\t\t\t\t\t\t\t\t<\/div>\n\t\t\t\t<div class=\"elementor-element elementor-element-0869fd4 de_scroll_animation_no elementor-widget elementor-widget-text-editor\" data-id=\"0869fd4\" data-element_type=\"widget\" data-e-type=\"widget\" data-widget_type=\"text-editor.default\">\n\t\t\t\t\t\t\t\t\t<p style=\"text-align: justify;\">En el Reglamento de Identificaci\u00f3n Militar, se establece en su art. 2) que la tarjeta de identificaci\u00f3n militar es el documento habilitante para que el personal militar pueda realizar gestiones institucionales; as\u00ed como tambi\u00e9n emplearla en tr\u00e1mites con instituciones privadas que mantengan convenios con Fuerzas Armadas.<p style=\"text-align: justify;\">\n<p style=\"text-align: justify;\">La Direcci\u00f3n de Movilizaci\u00f3n del Comando Conjunto de las Fuerzas Armadas es la \u00fanica entidad responsable de establecer el dise\u00f1o, emisi\u00f3n y coordinar la distribuci\u00f3n de la misma\u00a0 a trav\u00e9s de los Centros de Movilizaci\u00f3n a nivel nacional.\n\n<p style=\"text-align: justify;\">La Direcci\u00f3n de Movilizaci\u00f3n del Comando Conjunto de las Fuerzas Armadas, tiene establecido como Objetivo Institucional dentro de su Manual Organizacional: \u201cIncrementar la imagen institucional mediante la calidad del servicio militar, las reservas y la emisi\u00f3n\u00a0 de\u00a0 documentos\u00a0 militares\u201d (Manual de Organizacional, 2018), constituy\u00e9ndose a la identificaci\u00f3n militar como uno de sus procesos fundamentales.\n\n<p style=\"text-align: justify;\">El\u00a0 contenido\u00a0 de\u00a0 la\u00a0 tarjeta\u00a0 de identificaci\u00f3n\u00a0 militar valida\u00a0 la\u00a0 veracidad\u00a0 de\u00a0 la informaci\u00f3n\u00a0 de\u00a0 quien\u00a0 la\u00a0 posee, entre\u00a0 la\u00a0 que\u00a0 se\u00a0 encuentra: afiliaci\u00f3n al\u00a0 Instituto\u00a0 de\u00a0 Seguridad\u00a0 Social\u00a0 de Fuerzas\u00a0 Armadas, autorizaci\u00f3n\u00a0 de ingreso\u00a0 a\u00a0 instalaciones\u00a0 militares, grado\u00a0 del\u00a0 militar, identificaci\u00f3n visual mediante la fotograf\u00eda del usuario, tipo de sangre, el tipo de dependencia de los familiares, conyugue o uni\u00f3n de hecho y la Fuerza a la que pertenece. Esta tarjeta de identificaci\u00f3n\u00a0 militar\u00a0 debido\u00a0 a\u00a0 la informaci\u00f3n\u00a0 que\u00a0 posee\u00a0 es\u00a0 v\u00e1lida para\u00a0 la\u00a0 realizaci\u00f3n\u00a0 de tr\u00e1mites\u00a0 personales\u00a0 en reemplazo\u00a0 del\u00a0 certificado\u00a0 de\u00a0 votaci\u00f3n,\u00a0 entre\u00a0 otros tr\u00e1mites requeridos\u00a0 por diferentes instituciones p\u00fablicas o privadas.\n\n<article class=\" bd-article-3\">\n<div class=\" bd-layoutbox-10 bd-no-margins clearfix\">\n<div class=\"bd-container-inner\">\n<div class=\" bd-postcontent-3 bd-tagstyles bd-bootstrap-btn bd-btn-danger bd-contentlayout-offset\">\n<div class=\"box\">\n\n<p style=\"text-align: justify;\">La Direcci\u00f3n de Movilizaci\u00f3n del Comando Conjunto de las Fuerzas Armadas, \u00a0se encuentra permanentemente propendiendo a la mejora continua de este servicio. La tarjeta de identificaci\u00f3n militar otorga al personal militar, dependientes y reservistas, el sentido de pertenencia a la instituci\u00f3n, entrega una identidad al ser considerado como parte de las Fuerzas Armadas del Ecuador\n\n<\/div>\n<\/div>\n<\/div>\n<\/div>\n<div class=\" bd-layoutbox-12 bd-no-margins clearfix\">\n<div class=\"bd-container-inner\"><\/div>\n<\/div>\n<\/article>\t\t\t\t\t\t\t\t<\/div>\n\t\t\t\t\t<\/div>\n\t\t<\/div>\n\t\t\t\t\t<\/div>\n\t\t<\/section>\n\t\t\t\t<\/div>\n\t\t","protected":false},"excerpt":{"rendered":"<p>Rese\u00f1a Hist\u00f3rica Documentos Militares: Rese\u00f1a Hist\u00f3rica La Emisi\u00f3n de Documentos Militares, se origina con la iniciativa de elaborar las directrices y disposiciones para que el personal militar en servicio activo [&hellip;]<\/p>\n<div class=\"pvc_clear\"><\/div>\n<p id=\"pvc_stats_1064\" class=\"pvc_stats all  \" data-element-id=\"1064\" style=\"\"><i class=\"pvc-stats-icon medium\" aria-hidden=\"true\"><svg xmlns=\"http:\/\/www.w3.org\/2000\/svg\" version=\"1.0\" viewBox=\"0 0 502 315\" preserveAspectRatio=\"xMidYMid meet\"><g transform=\"translate(0,332) scale(0.1,-0.1)\" fill=\"\" stroke=\"none\"><path d=\"M2394 3279 l-29 -30 -3 -207 c-2 -182 0 -211 15 -242 39 -76 157 -76 196 0 15 31 17 60 15 243 l-3 209 -33 29 c-26 23 -41 29 -80 29 -41 0 -53 -5 -78 -31z\"\/><path d=\"M3085 3251 c-45 -19 -58 -50 -96 -229 -47 -217 -49 -260 -13 -295 52 -53 146 -42 177 20 16 31 87 366 87 410 0 70 -86 122 -155 94z\"\/><path d=\"M1751 3234 c-13 -9 -29 -31 -37 -50 -12 -29 -10 -49 21 -204 19 -94 39 -189 45 -210 14 -50 54 -80 110 -80 34 0 48 6 76 34 21 21 34 44 34 59 0 14 -18 113 -40 219 -37 178 -43 195 -70 221 -36 32 -101 37 -139 11z\"\/><path d=\"M1163 3073 c-36 -7 -73 -59 -73 -102 0 -56 133 -378 171 -413 34 -32 83 -37 129 -13 70 36 67 87 -16 290 -86 209 -89 214 -129 231 -35 14 -42 15 -82 7z\"\/><path d=\"M3689 3066 c-15 -9 -33 -30 -42 -48 -48 -103 -147 -355 -147 -375 0 -98 131 -148 192 -74 13 15 57 108 97 206 80 196 84 226 37 273 -30 30 -99 39 -137 18z\"\/><path d=\"M583 2784 c-38 -19 -67 -74 -58 -113 9 -42 211 -354 242 -373 16 -10 45 -18 66 -18 51 0 107 52 107 100 0 39 -1 41 -124 234 -80 126 -108 162 -133 173 -41 17 -61 16 -100 -3z\"\/><path d=\"M4250 2784 c-14 -9 -74 -91 -133 -183 -95 -150 -107 -173 -107 -213 0 -55 33 -94 87 -104 67 -13 90 8 211 198 130 202 137 225 78 284 -27 27 -42 34 -72 34 -22 0 -50 -8 -64 -16z\"\/><path d=\"M2275 2693 c-553 -48 -1095 -270 -1585 -649 -135 -104 -459 -423 -483 -476 -23 -49 -22 -139 2 -186 73 -142 361 -457 571 -626 285 -228 642 -407 990 -497 242 -63 336 -73 660 -74 310 0 370 5 595 52 535 111 1045 392 1455 803 122 121 250 273 275 326 19 41 19 137 0 174 -41 79 -309 363 -465 492 -447 370 -946 591 -1479 653 -113 14 -422 18 -536 8z m395 -428 c171 -34 330 -124 456 -258 112 -119 167 -219 211 -378 27 -96 24 -300 -5 -401 -72 -255 -236 -447 -474 -557 -132 -62 -201 -76 -368 -76 -167 0 -236 14 -368 76 -213 98 -373 271 -451 485 -162 444 86 934 547 1084 153 49 292 57 452 25z m909 -232 c222 -123 408 -262 593 -441 76 -74 138 -139 138 -144 0 -16 -233 -242 -330 -319 -155 -123 -309 -223 -461 -299 l-81 -41 32 46 c18 26 49 83 70 128 143 306 141 649 -6 957 -25 52 -61 116 -79 142 l-34 47 45 -20 c26 -10 76 -36 113 -56z m-2057 25 c-40 -58 -105 -190 -130 -263 -110 -324 -59 -707 132 -981 25 -35 42 -64 37 -64 -19 0 -241 119 -326 174 -188 122 -406 314 -532 468 l-58 71 108 103 c185 178 428 349 672 473 66 33 121 60 123 61 2 0 -10 -19 -26 -42z\"\/><path d=\"M2375 1950 c-198 -44 -350 -190 -395 -379 -18 -76 -8 -221 19 -290 114 -284 457 -406 731 -260 98 52 188 154 231 260 27 69 37 214 19 290 -38 163 -166 304 -326 360 -67 23 -215 33 -279 19z\"\/><\/g><\/svg><\/i> <img decoding=\"async\" width=\"16\" height=\"16\" alt=\"Loading\" src=\"https:\/\/www.dirmov.mil.ec\/wp-content\/plugins\/page-views-count\/ajax-loader-2x.gif\" border=0 \/><\/p>\n<div class=\"pvc_clear\"><\/div>\n","protected":false},"author":3,"featured_media":0,"parent":0,"menu_order":0,"comment_status":"closed","ping_status":"closed","template":"","meta":{"_eb_attr":"","h5ap_radio_sources":[],"footnotes":""},"class_list":["post-1064","page","type-page","status-publish","hentry"],"_links":{"self":[{"href":"https:\/\/www.dirmov.mil.ec\/index.php?rest_route=\/wp\/v2\/pages\/1064","targetHints":{"allow":["GET"]}}],"collection":[{"href":"https:\/\/www.dirmov.mil.ec\/index.php?rest_route=\/wp\/v2\/pages"}],"about":[{"href":"https:\/\/www.dirmov.mil.ec\/index.php?rest_route=\/wp\/v2\/types\/page"}],"author":[{"embeddable":true,"href":"https:\/\/www.dirmov.mil.ec\/index.php?rest_route=\/wp\/v2\/users\/3"}],"replies":[{"embeddable":true,"href":"https:\/\/www.dirmov.mil.ec\/index.php?rest_route=%2Fwp%2Fv2%2Fcomments&post=1064"}],"version-history":[{"count":30,"href":"https:\/\/www.dirmov.mil.ec\/index.php?rest_route=\/wp\/v2\/pages\/1064\/revisions"}],"predecessor-version":[{"id":5308,"href":"https:\/\/www.dirmov.mil.ec\/index.php?rest_route=\/wp\/v2\/pages\/1064\/revisions\/5308"}],"wp:attachment":[{"href":"https:\/\/www.dirmov.mil.ec\/index.php?rest_route=%2Fwp%2Fv2%2Fmedia&parent=1064"}],"curies":[{"name":"wp","href":"https:\/\/api.w.org\/{rel}","templated":true}]}}